{"id":5067,"date":"2023-07-06T06:26:50","date_gmt":"2023-07-06T03:26:50","guid":{"rendered":"https:\/\/gorgeousturkeytours.com\/contacto\/"},"modified":"2026-01-04T12:49:05","modified_gmt":"2026-01-04T09:49:05","slug":"contacto","status":"publish","type":"page","link":"https:\/\/gorgeousturkeytours.com\/es\/contacto\/","title":{"rendered":"Contacto"},"content":{"rendered":"[vc_row type=\u00bbfull_width_content\u00bb full_screen_row_position=\u00bbmiddle\u00bb column_margin=\u00bbdefault\u00bb equal_height=\u00bbyes\u00bb column_direction=\u00bbdefault\u00bb column_direction_tablet=\u00bbdefault\u00bb column_direction_phone=\u00bbdefault\u00bb bg_color=\u00bb#31A2AC\u00bb scene_position=\u00bbcenter\u00bb text_color=\u00bblight\u00bb text_align=\u00bbleft\u00bb row_border_radius=\u00bbnone\u00bb row_border_radius_applies=\u00bbbg\u00bb row_position_desktop=\u00bbdefault\u00bb row_position_tablet=\u00bbinherit\u00bb row_position_phone=\u00bbinherit\u00bb overflow=\u00bbvisible\u00bb overlay_strength=\u00bb0.3&#8243; gradient_direction=\u00bbleft_to_right\u00bb shape_divider_position=\u00bbbottom\u00bb bg_image_animation=\u00bbnone\u00bb gradient_type=\u00bbdefault\u00bb shape_type=\u00bb\u00bb][vc_column column_padding=\u00bbpadding-7-percent\u00bb column_padding_tablet=\u00bbinherit\u00bb column_padding_phone=\u00bbinherit\u00bb column_padding_position=\u00bball\u00bb flex_gap_desktop=\u00bb10px\u00bb column_element_direction_desktop=\u00bbdefault\u00bb column_element_spacing=\u00bbdefault\u00bb desktop_text_alignment=\u00bbdefault\u00bb tablet_text_alignment=\u00bbdefault\u00bb phone_text_alignment=\u00bbdefault\u00bb background_color=\u00bb#31a2ac\u00bb background_color_opacity=\u00bb0.9&#8243; background_hover_color_opacity=\u00bb1&#8243; column_backdrop_filter=\u00bbnone\u00bb column_shadow=\u00bbnone\u00bb column_border_radius=\u00bbnone\u00bb column_link_target=\u00bb_self\u00bb column_position=\u00bbdefault\u00bb gradient_direction=\u00bbleft_to_right\u00bb overlay_strength=\u00bb0.3&#8243; width=\u00bb1\/2&#8243; tablet_width_inherit=\u00bbdefault\u00bb animation_type=\u00bbdefault\u00bb enable_animation=\u00bbtrue\u00bb animation=\u00bbgrow-in\u00bb animation_easing=\u00bbdefault\u00bb bg_image_animation=\u00bbnone\u00bb border_type=\u00bbsimple\u00bb column_border_width=\u00bbnone\u00bb column_border_style=\u00bbsolid\u00bb delay=\u00bb200&#8243; column_padding_type=\u00bbdefault\u00bb gradient_type=\u00bbdefault\u00bb][heading]\n<h1>Contactar con Gorgeous Turkey Tours<\/h1>\n<p>\n[\/heading][vc_column_text css_animation=\u00bbnone\u00bb css=\u00bb\u00bb text_direction=\u00bbdefault\u00bb]\n<h3>\u00bfTiene alguna pregunta?<\/h3>\n<p><\/p>\n<p data-start=\"275\" data-end=\"437\">Si no ha encontrado lo que busca en nuestro sitio web o tiene alguna consulta sobre Tours en Capadocia o programas tur\u00edsticos en Turqu\u00eda, no dude en contactarnos.<\/p>\n<p><\/p>\n<p data-start=\"439\" data-end=\"575\">Puede comunicarse con nosotros por WhatsApp o correo electr\u00f3nico. Tambi\u00e9n podemos responder por WeChat o Telegram, seg\u00fan su preferencia.<\/p>\n[\/vc_column_text][nectar_cta btn_style=\u00bbunderline\u00bb underline_visibility=\u00bbdefault\u00bb heading_tag=\u00bbp\u00bb link_type=\u00bbnew_tab\u00bb button_color=\u00bbdefault\u00bb text_color=\u00bb#ffffff\u00bb text_color_hover=\u00bb#ffc924&#8243; button_border_thickness=\u00bb0px\u00bb alignment=\u00bbleft\u00bb alignment_tablet=\u00bbdefault\u00bb alignment_phone=\u00bbdefault\u00bb display=\u00bbblock\u00bb display_tablet=\u00bbinherit\u00bb display_phone=\u00bbinherit\u00bb icon_family=\u00bbfontawesome\u00bb link_text=\u00bb+90 553 030 75 95&#8243; url=\u00bbhttps:\/\/api.whatsapp.com\/send?phone=905530307595&#8243; icon_fontawesome=\u00bbfa fa-whatsapp\u00bb][nectar_cta btn_style=\u00bbunderline\u00bb underline_visibility=\u00bbdefault\u00bb heading_tag=\u00bbp\u00bb link_type=\u00bbnew_tab\u00bb button_color=\u00bbdefault\u00bb text_color=\u00bb#ffffff\u00bb text_color_hover=\u00bb#ffc924&#8243; button_border_thickness=\u00bb0px\u00bb alignment=\u00bbleft\u00bb alignment_tablet=\u00bbdefault\u00bb alignment_phone=\u00bbdefault\u00bb display=\u00bbblock\u00bb display_tablet=\u00bbinherit\u00bb display_phone=\u00bbinherit\u00bb icon_family=\u00bbfontawesome\u00bb link_text=\u00bb+90 545 390 50 50&#8243; url=\u00bbhttps:\/\/api.whatsapp.com\/send?phone=905453905050&#8243; icon_fontawesome=\u00bbfa fa-whatsapp\u00bb][nectar_cta btn_style=\u00bbunderline\u00bb underline_visibility=\u00bbdefault\u00bb heading_tag=\u00bbp\u00bb link_type=\u00bbnew_tab\u00bb button_color=\u00bbdefault\u00bb text_color=\u00bb#ffffff\u00bb text_color_hover=\u00bb#ffc924&#8243; button_border_thickness=\u00bb0px\u00bb alignment=\u00bbleft\u00bb alignment_tablet=\u00bbdefault\u00bb alignment_phone=\u00bbdefault\u00bb display=\u00bbblock\u00bb display_tablet=\u00bbinherit\u00bb display_phone=\u00bbinherit\u00bb icon_family=\u00bbfontawesome\u00bb link_text=\u00bbS\u00f3lo emergencias: +90 532 366 13 78&#8243; url=\u00bbtel:+905323661378&#8243; icon_fontawesome=\u00bbfa fa-phone\u00bb][nectar_cta btn_style=\u00bbunderline\u00bb underline_visibility=\u00bbdefault\u00bb heading_tag=\u00bbp\u00bb link_type=\u00bbnew_tab\u00bb button_color=\u00bbdefault\u00bb text_color=\u00bb#ffffff\u00bb text_color_hover=\u00bb#ffc924&#8243; button_border_thickness=\u00bb0px\u00bb alignment=\u00bbleft\u00bb alignment_tablet=\u00bbdefault\u00bb alignment_phone=\u00bbdefault\u00bb display=\u00bbblock\u00bb display_tablet=\u00bbinherit\u00bb display_phone=\u00bbinherit\u00bb icon_family=\u00bbnone\u00bb link_text=\u00bbEmail: info@gorgeousturkeytours.com\u00bb url=\u00bbmailto: info@gorgeousturkeytours.com\u00bb][vc_column_text css=\u00bb\u00bb text_direction=\u00bbdefault\u00bb]Estamos ubicados en <strong data-start=\"753\" data-end=\"773\">G\u00f6reme, Nev\u015fehir<\/strong>, y atendemos <strong data-start=\"787\" data-end=\"832\">G\u00f6reme, \u00dcrg\u00fcp, Avanos, U\u00e7hisar, Ortahisar<\/strong> y las zonas cercanas de Capadocia.[\/vc_column_text][\/vc_column][vc_column column_padding=\u00bbno-extra-padding\u00bb column_padding_tablet=\u00bbinherit\u00bb column_padding_phone=\u00bbinherit\u00bb column_padding_position=\u00bball\u00bb flex_gap_desktop=\u00bb10px\u00bb column_element_direction_desktop=\u00bbdefault\u00bb column_element_spacing=\u00bbdefault\u00bb desktop_text_alignment=\u00bbdefault\u00bb tablet_text_alignment=\u00bbdefault\u00bb phone_text_alignment=\u00bbdefault\u00bb background_color_opacity=\u00bb1&#8243; background_hover_color_opacity=\u00bb1&#8243; background_image=\u00bb123&#8243; background_image_type=\u00bbdefault\u00bb background_image_position=\u00bbcenter center\u00bb background_image_stacking=\u00bbdefault\u00bb enable_bg_scale=\u00bbtrue\u00bb background_image_loading=\u00bbdefault\u00bb column_backdrop_filter=\u00bbnone\u00bb column_shadow=\u00bbnone\u00bb column_border_radius=\u00bbnone\u00bb column_link_target=\u00bb_self\u00bb column_position=\u00bbdefault\u00bb gradient_direction=\u00bbleft_to_right\u00bb overlay_strength=\u00bb0.3&#8243; width=\u00bb1\/2&#8243; tablet_width_inherit=\u00bbdefault\u00bb animation_type=\u00bbdefault\u00bb enable_animation=\u00bbtrue\u00bb animation=\u00bbgrow-in\u00bb animation_easing=\u00bbdefault\u00bb bg_image_animation=\u00bbnone\u00bb border_type=\u00bbsimple\u00bb column_border_width=\u00bbnone\u00bb column_border_style=\u00bbsolid\u00bb delay=\u00bb300&#8243; column_padding_type=\u00bbdefault\u00bb gradient_type=\u00bbdefault\u00bb][nectar_gmap map_type=\u00bbleaflet\u00bb zoom=\u00bb16&#8243; marker_style=\u00bbnectar\u00bb color=\u00bbextra-color-1&#8243; size=\u00bb620&#8243; map_center_lat=\u00bb38.645561&#8243; map_center_lng=\u00bb34.824417&#8243; map_markers=\u00bb38.645561|34.824417|Gorgeous Tour\u00bb][\/vc_column][\/vc_row]\n","protected":false},"excerpt":{"rendered":"<p>[vc_row type=\u00bbfull_width_content\u00bb full_screen_row_position=\u00bbmiddle\u00bb column_margin=\u00bbdefault\u00bb equal_height=\u00bbyes\u00bb column_direction=\u00bbdefault\u00bb column_direction_tablet=\u00bbdefault\u00bb column_direction_phone=\u00bbdefault\u00bb bg_color=\u00bb#31A2AC\u00bb scene_position=\u00bbcenter\u00bb text_color=\u00bblight\u00bb text_align=\u00bbleft\u00bb row_border_radius=\u00bbnone\u00bb row_border_radius_applies=\u00bbbg\u00bb row_position_desktop=\u00bbdefault\u00bb row_position_tablet=\u00bbinherit\u00bb row_position_phone=\u00bbinherit\u00bb overflow=\u00bbvisible\u00bb overlay_strength=\u00bb0.3&#8243; gradient_direction=\u00bbleft_to_right\u00bb shape_divider_position=\u00bbbottom\u00bb bg_image_animation=\u00bbnone\u00bb gradient_type=\u00bbdefault\u00bb shape_type=\u00bb\u00bb][vc_column column_padding=\u00bbpadding-7-percent\u00bb column_padding_tablet=\u00bbinherit\u00bb column_padding_phone=\u00bbinherit\u00bb column_padding_position=\u00bball\u00bb flex_gap_desktop=\u00bb10px\u00bb column_element_direction_desktop=\u00bbdefault\u00bb&#8230;<\/p>\n","protected":false},"author":1,"featured_media":0,"parent":0,"menu_order":0,"comment_status":"closed","ping_status":"open","template":"","meta":{"footnotes":""},"class_list":["post-5067","page","type-page","status-publish"],"aioseo_notices":[],"_links":{"self":[{"href":"https:\/\/gorgeousturkeytours.com\/es\/wp-json\/wp\/v2\/pages\/5067","targetHints":{"allow":["GET"]}}],"collection":[{"href":"https:\/\/gorgeousturkeytours.com\/es\/wp-json\/wp\/v2\/pages"}],"about":[{"href":"https:\/\/gorgeousturkeytours.com\/es\/wp-json\/wp\/v2\/types\/page"}],"author":[{"embeddable":true,"href":"https:\/\/gorgeousturkeytours.com\/es\/wp-json\/wp\/v2\/users\/1"}],"replies":[{"embeddable":true,"href":"https:\/\/gorgeousturkeytours.com\/es\/wp-json\/wp\/v2\/comments?post=5067"}],"version-history":[{"count":16,"href":"https:\/\/gorgeousturkeytours.com\/es\/wp-json\/wp\/v2\/pages\/5067\/revisions"}],"predecessor-version":[{"id":8070,"href":"https:\/\/gorgeousturkeytours.com\/es\/wp-json\/wp\/v2\/pages\/5067\/revisions\/8070"}],"wp:attachment":[{"href":"https:\/\/gorgeousturkeytours.com\/es\/wp-json\/wp\/v2\/media?parent=5067"}],"curies":[{"name":"wp","href":"https:\/\/api.w.org\/{rel}","templated":true}]}}