{"id":5771,"date":"2023-07-06T06:26:50","date_gmt":"2023-07-06T06:26:50","guid":{"rendered":"https:\/\/gorgeousturkeytours.com\/politica-privacidad\/"},"modified":"2024-07-27T11:54:30","modified_gmt":"2024-07-27T11:54:30","slug":"politica-privacidad","status":"publish","type":"page","link":"https:\/\/gorgeousturkeytours.com\/es\/politica-privacidad\/","title":{"rendered":"Pol\u00edtica de privacidad"},"content":{"rendered":"<p><strong>\u00bfPara qu\u00e9 sirve esta Pol\u00edtica de privacidad?<\/strong><\/p>\r\n<p>Esta pol\u00edtica de privacidad es para este sitio web [https:\/\/gorgeousturkeytours.com] y es administrada por Gorgeous Travel y rige la privacidad de sus usuarios que eligen usarlo.<\/p>\r\n<p>La pol\u00edtica establece las diferentes \u00e1reas en las que se relaciona la privacidad del usuario y describe las obligaciones y requisitos de los usuarios, el sitio web y los propietarios del sitio web. Adem\u00e1s, la forma en que este sitio web procesa, almacena y protege los datos y la informaci\u00f3n del usuario tambi\u00e9n se detallar\u00e1 en esta pol\u00edtica.<\/p>\r\n<p><strong>El sitio web<\/strong><\/p>\r\n<p>Este sitio web y sus propietarios adoptan un enfoque proactivo en cuanto a la privacidad del usuario y garantizan que se tomen las medidas necesarias para proteger la privacidad de sus usuarios durante su experiencia de visita. Este sitio web cumple con todas las leyes y requisitos nacionales turcos en materia de privacidad del usuario.<\/p>\r\n<p><strong>Uso de cookies<\/strong><\/p>\r\n<p>Este sitio web utiliza cookies para mejorar la experiencia de los usuarios mientras visitan el sitio web. Cuando corresponde, este sitio web utiliza un sistema de control de cookies que permite al usuario, en su primera visita al sitio web, permitir o rechazar el uso de cookies en su computadora\/dispositivo. Esto cumple con los requisitos de la legislaci\u00f3n reciente para que los sitios web obtengan el consentimiento expl\u00edcito de los usuarios antes de dejar o leer archivos como cookies en la computadora \/ dispositivo de un usuario.<\/p>\r\n<p>Las cookies son peque\u00f1os archivos que se guardan en el disco duro de la computadora del usuario que rastrean, guardan y almacenan informaci\u00f3n sobre las interacciones y el uso del sitio web por parte del usuario. Esto permite que el sitio web, a trav\u00e9s de su servidor, brinde a los usuarios una experiencia personalizada dentro de este sitio web.<br \/>Se advierte a los usuarios que si desean denegar el uso y el almacenamiento de cookies de este sitio web en el disco duro de su computadora, deben tomar las medidas necesarias dentro de la configuraci\u00f3n de seguridad de su navegador web para bloquear todas las cookies de este sitio web y sus proveedores de servicios externos. No se almacena, guarda ni recopila informaci\u00f3n personal.<\/p>\r\n<p><strong>Contacto y comunicaci\u00f3n<\/strong><\/p>\r\n<p>Los usuarios que se comunican con este sitio web y \/ o sus propietarios lo hacen a su propia discreci\u00f3n y brindan los detalles personales solicitados por su cuenta y riesgo. Su informaci\u00f3n personal se mantiene privada y se almacena de forma segura hasta que ya no sea necesaria o no tenga uso, como se detalla en la Ley de Protecci\u00f3n de Datos. Se ha hecho todo lo posible para garantizar un proceso seguro de env\u00edo de formularios a correo electr\u00f3nico, pero se recomienda a los usuarios que utilicen dichos procesos de env\u00edo de formularios a correo electr\u00f3nico que lo hagan por su cuenta y riesgo.<\/p>\r\n<p>La informaci\u00f3n personal que se recopila de usted se utiliza para cumplir con su solicitud de servicios o para enviarle detalles de confirmaci\u00f3n y, si es necesario, para informarle sobre actualizaciones o cambios en sus planes de viaje.<\/p>\r\n<p>Gorgeous Travel no modifica, copia, distribuye, licencia, vende ni redistribuye ninguno de sus datos personales. Al utilizar el sitio web de Gorgeous Travel, usted da su consentimiento para la recopilaci\u00f3n y el uso de esta informaci\u00f3n de las formas descritas anteriormente.<\/p>\r\n<p><strong>Seguridad de las transacciones de compra y certificado SSL<\/strong><\/p>\r\n<p>Utilizamos Secure Socket Layers (SSL) para garantizar la privacidad de la informaci\u00f3n que se nos proporciona y en ning\u00fan momento los datos de su tarjeta de d\u00e9bito o cr\u00e9dito se transmiten sin cifrar a trav\u00e9s de Internet.<\/p>\r\n<p>Todas las transacciones que realice en nuestro sitio con su tarjeta de cr\u00e9dito est\u00e1n protegidas con un certificado SSL. La informaci\u00f3n de su tarjeta se transmite cifrada con protecci\u00f3n de 2048 bits. Puede saber en qu\u00e9 estado se encuentra activa la conexi\u00f3n SSL (Secure Socket Layer) mediante el icono de candado que se mostrar\u00e1 junto a la barra de direcciones de su navegador cuando ingrese a nuestra p\u00e1gina donde ingresa la informaci\u00f3n de su tarjeta durante el proceso de pedido.<\/p>\r\n<p>La imagen del candado en la esquina inferior derecha de la p\u00e1gina donde ingresa la informaci\u00f3n de su tarjeta de cr\u00e9dito muestra que esta p\u00e1gina est\u00e1 encriptada con SSL y, cuando hace clic en \u00e9l, indica a qu\u00e9 empresa pertenece el cifrado. Su membres\u00eda y la informaci\u00f3n personal que utiliza al registrarse en nuestro sitio web se mantienen confidenciales y no se pueden compartir con nadie sin su consentimiento. El software SSL garantiza que el flujo de informaci\u00f3n entre el cliente, la empresa y el banco est\u00e9 encriptado utilizando tecnolog\u00edas de 2048 bits.<\/p>\r\n<p><strong>Publicidad y enlaces patrocinados<\/strong><\/p>\r\n<p>Este sitio web no contiene enlaces patrocinados ni anuncios.<\/p>\r\n<p><strong>Plataformas de redes sociales<\/strong><\/p>\r\n<p>La comunicaci\u00f3n, la participaci\u00f3n y las acciones realizadas a trav\u00e9s de plataformas de redes sociales externas en las que participan este sitio web y sus propietarios se ajustan a los t\u00e9rminos y condiciones, as\u00ed como a las pol\u00edticas de privacidad de cada plataforma de redes sociales respectivamente.<\/p>\r\n<p>Se recomienda a los usuarios que utilicen las plataformas de redes sociales con prudencia y que se comuniquen o interact\u00faen en ellas con el debido cuidado y precauci\u00f3n en lo que respecta a su propia privacidad y sus datos personales. Este sitio web ni sus propietarios solicitar\u00e1n nunca informaci\u00f3n personal o confidencial a trav\u00e9s de las plataformas de redes sociales y animan a los usuarios que deseen hablar sobre detalles confidenciales a que se pongan en contacto con ellos a trav\u00e9s de los canales de comunicaci\u00f3n principales, como el tel\u00e9fono o el correo electr\u00f3nico.<\/p>\r\n<p>Este sitio web puede utilizar botones para compartir en redes sociales que ayudan a compartir contenido web directamente desde las p\u00e1ginas web a la plataforma de redes sociales en cuesti\u00f3n. Se recomienda a los usuarios que, antes de utilizar dichos botones para compartir en redes sociales, lo hagan por su propia cuenta y riesgo.<\/p>\r\n<p>Tenga en cuenta que la plataforma de redes sociales puede rastrear y guardar su solicitud para compartir una p\u00e1gina web a trav\u00e9s de su cuenta de la plataforma de redes sociales.<\/p>\r\n<p>v.1.0 junio de 2023 Editado y personalizado por:<\/p>\r\n<p><strong>Gorgeous Travel<\/strong><\/p>\r\n<!-- \/wp:post-content -->","protected":false},"excerpt":{"rendered":"<p>\u00bfPara qu\u00e9 sirve esta Pol\u00edtica de privacidad? Esta pol\u00edtica de privacidad es para este sitio web [https:\/\/gorgeousturkeytours.com] y es administrada por Gorgeous Travel y rige la privacidad de sus usuarios&#8230;<\/p>\n","protected":false},"author":1,"featured_media":0,"parent":0,"menu_order":0,"comment_status":"closed","ping_status":"open","template":"","meta":{"footnotes":""},"class_list":["post-5771","page","type-page","status-publish"],"aioseo_notices":[],"_links":{"self":[{"href":"https:\/\/gorgeousturkeytours.com\/es\/wp-json\/wp\/v2\/pages\/5771","targetHints":{"allow":["GET"]}}],"collection":[{"href":"https:\/\/gorgeousturkeytours.com\/es\/wp-json\/wp\/v2\/pages"}],"about":[{"href":"https:\/\/gorgeousturkeytours.com\/es\/wp-json\/wp\/v2\/types\/page"}],"author":[{"embeddable":true,"href":"https:\/\/gorgeousturkeytours.com\/es\/wp-json\/wp\/v2\/users\/1"}],"replies":[{"embeddable":true,"href":"https:\/\/gorgeousturkeytours.com\/es\/wp-json\/wp\/v2\/comments?post=5771"}],"version-history":[{"count":6,"href":"https:\/\/gorgeousturkeytours.com\/es\/wp-json\/wp\/v2\/pages\/5771\/revisions"}],"predecessor-version":[{"id":5786,"href":"https:\/\/gorgeousturkeytours.com\/es\/wp-json\/wp\/v2\/pages\/5771\/revisions\/5786"}],"wp:attachment":[{"href":"https:\/\/gorgeousturkeytours.com\/es\/wp-json\/wp\/v2\/media?parent=5771"}],"curies":[{"name":"wp","href":"https:\/\/api.w.org\/{rel}","templated":true}]}}