{"id":5793,"date":"2023-07-06T15:04:50","date_gmt":"2023-07-06T15:04:50","guid":{"rendered":"https:\/\/gorgeousturkeytours.com\/terminos-y-condiciones\/"},"modified":"2025-07-16T13:35:15","modified_gmt":"2025-07-16T13:35:15","slug":"terminos-y-condiciones","status":"publish","type":"page","link":"https:\/\/gorgeousturkeytours.com\/es\/terminos-y-condiciones\/","title":{"rendered":"T\u00e9rminos y condiciones"},"content":{"rendered":"<p>&nbsp;[vc_row type=\u00bbin_container\u00bb full_screen_row_position=\u00bbmiddle\u00bb column_margin=\u00bbdefault\u00bb column_direction=\u00bbdefault\u00bb column_direction_tablet=\u00bbdefault\u00bb column_direction_phone=\u00bbdefault\u00bb scene_position=\u00bbcenter\u00bb text_color=\u00bbdark\u00bb text_align=\u00bbleft\u00bb row_border_radius=\u00bbnone\u00bb row_border_radius_applies=\u00bbbg\u00bb overflow=\u00bbvisible\u00bb overlay_strength=\u00bb0.3&#8243; gradient_direction=\u00bbleft_to_right\u00bb shape_divider_position=\u00bbbottom\u00bb bg_image_animation=\u00bbnone\u00bb][vc_column column_padding=\u00bbno-extra-padding\u00bb column_padding_tablet=\u00bbinherit\u00bb column_padding_phone=\u00bbinherit\u00bb column_padding_position=\u00bball\u00bb column_element_direction_desktop=\u00bbdefault\u00bb column_element_spacing=\u00bbdefault\u00bb desktop_text_alignment=\u00bbdefault\u00bb tablet_text_alignment=\u00bbdefault\u00bb phone_text_alignment=\u00bbdefault\u00bb background_color_opacity=\u00bb1&#8243; background_hover_color_opacity=\u00bb1&#8243; column_backdrop_filter=\u00bbnone\u00bb column_shadow=\u00bbnone\u00bb column_border_radius=\u00bbnone\u00bb column_link_target=\u00bb_self\u00bb column_position=\u00bbdefault\u00bb gradient_direction=\u00bbleft_to_right\u00bb overlay_strength=\u00bb0.3&#8243; width=\u00bb1\/1&#8243; tablet_width_inherit=\u00bbdefault\u00bb animation_type=\u00bbdefault\u00bb bg_image_animation=\u00bbnone\u00bb border_type=\u00bbsimple\u00bb column_border_width=\u00bbnone\u00bb column_border_style=\u00bbsolid\u00bb][vc_column_text css=\u00bb\u00bb text_direction=\u00bbdefault\u00bb]&nbsp;<\/p>\n<strong>Reservations:\u00a0<\/strong>&#13;\n<div>When you want to make reservation, You must provide details of at least two contact methods (email, WhatsApp, Telegram, Mobile). Please enter details correctly. We need passport information for some tours.<\/div>&#13;\n<p>Reservas:<br\/><br\/>Cuando desee hacer una reserva, debe proporcionar detalles de al menos dos m\u00e9todos de contacto (correo electr\u00f3nico, WhatsApp, Telegram, m\u00f3vil). Ingrese los datos correctamente. Necesitamos informaci\u00f3n del pasaporte para algunos recorridos.<br\/>Dep\u00f3sitos:<br\/><br\/>Para confirmar su reserva, debe pagar un dep\u00f3sito. La solicitud de reserva enviada sin dep\u00f3sito nunca se confirma. La tasa de dep\u00f3sito cambia seg\u00fan las fechas y los recorridos.<br\/>Los precios son v\u00e1lidos por 1 semana. Si pag\u00f3 y el precio aument\u00f3, no se ver\u00e1 afectado. Si los precios se redujeron despu\u00e9s de realizar el pago, podemos reducir el pago del saldo.<br\/>Pago:<br\/><br\/>Puede pagar en efectivo o con tarjeta de cr\u00e9dito (Mastercard, Visa, UnionPay).<br\/>Moneda:<br\/><br\/>Los precios est\u00e1n en euros. Cuando desee pagar con liras turcas, d\u00f3lares estadounidenses, libras esterlinas o yenes japoneses, utilizaremos el tipo de cambio actual.<br\/>Cambios de itinerario:<br\/><br\/>Cuando desee cambiar su itinerario, si no hay un costo adicional debido a terceros para nuestra empresa, no le solicitaremos ning\u00fan costo adicional.<br\/><br\/>Cancelaciones:<br\/>Cancelaci\u00f3n de paquetes tur\u00edsticos y boletos de avi\u00f3n; Debes pagar las multas que nos cobran terceros.<br\/>Todas las dem\u00e1s reservas se pueden cancelar sin cargo hasta con 48 horas de anticipaci\u00f3n.<br\/>Si cancelas entre las \u00faltimas 24 y 48 horas, perder\u00e1s tu dep\u00f3sito.<br\/>Si cancelas en las \u00faltimas 24 horas, deber\u00e1s pagar la tarifa de reserva.<br\/>Debes seguir el itinerario que te enviamos. Debes estar listo a la hora y lugar de recogida. Eres responsable de los costos incurridos debido a vuelos perdidos, traslados al aeropuerto y tours.<br\/>Privacidad y seguridad de la tarjeta de cr\u00e9dito:<br\/><br\/>Nunca compartimos tus datos de contacto o itinerario con ninguna otra organizaci\u00f3n. Los datos de tu tarjeta se eliminar\u00e1n autom\u00e1ticamente despu\u00e9s de tu pago.<\/p>&#13;\n<div>To confirme your reservation you must pay deposit, The reservation request sent it with out deposit never confirmed. Deposit rate is changing according the dates and tours.<br\/>The prices\u00a0valid for 1 week. If you paid and if the price increased, its not effecting you. If the prices reduced after you\u00a0made payment, we can reduce balance payment.<\/div>&#13;\n<p>\u00a0<\/p>&#13;\n<div>You can pay cash or with credit card (Mastercard, Visa, UnionPay).<\/div>&#13;\n<p>\u00a0<\/p>&#13;\n<div>Price are in Euro. When you want to pay with Turkish Lira, USD, British Pound or Japanese Yen then we use current exchange rate.<\/div>&#13;\n<p>\u00a0<\/p>&#13;\n<div>When you want to change your itenerary, if its no extra cost due third parties to our company than we dont ask you any extra.<\/div>&#13;\n<div>\u00a0<\/div>&#13;\n<div><strong>Cancellations:<\/strong><\/div>&#13;\n<ul>&#13;\n<li>Cancellation of package tour and flight tickets; You need to pay penalty fees that charge from us by third parties.<\/li>&#13;\n<li>Other all reservations can be canceled free of charge up to 48 hours in advance.<\/li>&#13;\n<li>When you cancel between last 24-48 hours, You will lose your deposit.<\/li>&#13;\n<li>When you cancel in last 24 hours, then you must pay all reservation fee.<\/li>&#13;\n<\/ul>&#13;\n<div>You must follow the itinerary that we sent you. You must be ready on pick up time and place.\u00a0 You are responsible for any costs incurred due to missed flights, airport transfers and\u00a0 tours.<\/div>&#13;\n<p>\u00a0<\/p>&#13;\n<div>We never share your contact or itinerary details with any other organizations. Your card details will be deleted automatically after your payment.<\/div>&#13;\n<div>\u00a0<\/div>&#13;\n<p><\/p><p>\u00a0<\/p>\n<p><\/p>\n[\/vc_column_text][\/vc_column][\/vc_row]\n","protected":false},"excerpt":{"rendered":"<p>&nbsp;[vc_row type=\u00bbin_container\u00bb full_screen_row_position=\u00bbmiddle\u00bb column_margin=\u00bbdefault\u00bb column_direction=\u00bbdefault\u00bb column_direction_tablet=\u00bbdefault\u00bb column_direction_phone=\u00bbdefault\u00bb scene_position=\u00bbcenter\u00bb text_color=\u00bbdark\u00bb text_align=\u00bbleft\u00bb row_border_radius=\u00bbnone\u00bb row_border_radius_applies=\u00bbbg\u00bb overflow=\u00bbvisible\u00bb overlay_strength=\u00bb0.3&#8243; gradient_direction=\u00bbleft_to_right\u00bb shape_divider_position=\u00bbbottom\u00bb bg_image_animation=\u00bbnone\u00bb][vc_column column_padding=\u00bbno-extra-padding\u00bb column_padding_tablet=\u00bbinherit\u00bb column_padding_phone=\u00bbinherit\u00bb column_padding_position=\u00bball\u00bb column_element_direction_desktop=\u00bbdefault\u00bb column_element_spacing=\u00bbdefault\u00bb desktop_text_alignment=\u00bbdefault\u00bb tablet_text_alignment=\u00bbdefault\u00bb phone_text_alignment=\u00bbdefault\u00bb background_color_opacity=\u00bb1&#8243; background_hover_color_opacity=\u00bb1&#8243; column_backdrop_filter=\u00bbnone\u00bb column_shadow=\u00bbnone\u00bb&#8230;<\/p>\n","protected":false},"author":1,"featured_media":0,"parent":0,"menu_order":0,"comment_status":"closed","ping_status":"closed","template":"","meta":{"footnotes":""},"class_list":["post-5793","page","type-page","status-publish"],"aioseo_notices":[],"_links":{"self":[{"href":"https:\/\/gorgeousturkeytours.com\/es\/wp-json\/wp\/v2\/pages\/5793","targetHints":{"allow":["GET"]}}],"collection":[{"href":"https:\/\/gorgeousturkeytours.com\/es\/wp-json\/wp\/v2\/pages"}],"about":[{"href":"https:\/\/gorgeousturkeytours.com\/es\/wp-json\/wp\/v2\/types\/page"}],"author":[{"embeddable":true,"href":"https:\/\/gorgeousturkeytours.com\/es\/wp-json\/wp\/v2\/users\/1"}],"replies":[{"embeddable":true,"href":"https:\/\/gorgeousturkeytours.com\/es\/wp-json\/wp\/v2\/comments?post=5793"}],"version-history":[{"count":4,"href":"https:\/\/gorgeousturkeytours.com\/es\/wp-json\/wp\/v2\/pages\/5793\/revisions"}],"predecessor-version":[{"id":7355,"href":"https:\/\/gorgeousturkeytours.com\/es\/wp-json\/wp\/v2\/pages\/5793\/revisions\/7355"}],"wp:attachment":[{"href":"https:\/\/gorgeousturkeytours.com\/es\/wp-json\/wp\/v2\/media?parent=5793"}],"curies":[{"name":"wp","href":"https:\/\/api.w.org\/{rel}","templated":true}]}}