{"id":5815,"date":"2024-07-26T11:16:18","date_gmt":"2024-07-26T08:16:18","guid":{"rendered":"https:\/\/gorgeousturkeytours.com\/pagina-de-inicio\/"},"modified":"2026-02-07T12:43:10","modified_gmt":"2026-02-07T09:43:10","slug":"pagina-de-inicio","status":"publish","type":"page","link":"https:\/\/gorgeousturkeytours.com\/es\/","title":{"rendered":"P\u00e1gina de inicio"},"content":{"rendered":"[vc_row type=\u00bbin_container\u00bb full_screen_row_position=\u00bbmiddle\u00bb column_margin=\u00bbdefault\u00bb column_direction=\u00bbdefault\u00bb column_direction_tablet=\u00bbdefault\u00bb column_direction_phone=\u00bbdefault\u00bb scene_position=\u00bbcenter\u00bb top_margin=\u00bb2%\u00bb text_color=\u00bbdark\u00bb text_align=\u00bbleft\u00bb row_border_radius=\u00bbnone\u00bb row_border_radius_applies=\u00bbbg\u00bb row_position_desktop=\u00bbdefault\u00bb row_position_tablet=\u00bbinherit\u00bb row_position_phone=\u00bbinherit\u00bb overflow=\u00bbvisible\u00bb overlay_strength=\u00bb0.3&#8243; gradient_direction=\u00bbleft_to_right\u00bb shape_divider_position=\u00bbbottom\u00bb bg_image_animation=\u00bbnone\u00bb gradient_type=\u00bbdefault\u00bb shape_type=\u00bb\u00bb][vc_column column_padding=\u00bbno-extra-padding\u00bb column_padding_tablet=\u00bbinherit\u00bb column_padding_phone=\u00bbinherit\u00bb column_padding_position=\u00bball\u00bb flex_gap_desktop=\u00bb10px\u00bb column_element_direction_desktop=\u00bbdefault\u00bb column_element_spacing=\u00bbdefault\u00bb desktop_text_alignment=\u00bbdefault\u00bb tablet_text_alignment=\u00bbdefault\u00bb phone_text_alignment=\u00bbdefault\u00bb background_color_opacity=\u00bb1&#8243; background_hover_color_opacity=\u00bb1&#8243; column_backdrop_filter=\u00bbnone\u00bb column_shadow=\u00bbnone\u00bb column_border_radius=\u00bbnone\u00bb column_link_target=\u00bb_self\u00bb column_position=\u00bbdefault\u00bb gradient_direction=\u00bbleft_to_right\u00bb overlay_strength=\u00bb0.3&#8243; width=\u00bb2\/3&#8243; tablet_width_inherit=\u00bbdefault\u00bb animation_type=\u00bbdefault\u00bb bg_image_animation=\u00bbnone\u00bb border_type=\u00bbsimple\u00bb column_border_width=\u00bbnone\u00bb column_border_style=\u00bbsolid\u00bb][vc_custom_heading text=\u00bbTours en Capadocia y Servicios de Viaje en Turqu\u00eda\u00bb font_container=\u00bbtag:h1|text_align:left\u00bb use_theme_fonts=\u00bbyes\u00bb css=\u00bb\u00bb][vc_column_text css=\u00bb\u00bb text_direction=\u00bbdefault\u00bb]Gorgeous Turkey Tours es un operador tur\u00edstico local con sede en G\u00f6reme, Nev\u015fehir, que ofrece tours en Capadocia, vuelos en globo y servicios de viaje en toda Turqu\u00eda.[\/vc_column_text][split_line_heading line_reveal_by_space_text_effect=\u00bbdefault\u00bb font_style=\u00bbh2&#8243; text_color=\u00bb#ea3402&#8243; content_alignment=\u00bbcenter\u00bb mobile_content_alignment=\u00bbcenter\u00bb animation_type=\u00bbline-reveal-by-space\u00bb link_target=\u00bb_self\u00bb text_content=\u00bb\u00a1M\u00e1s de 3600 rese\u00f1as de cinco estrellas!\u00bb text_direction=\u00bbdefault\u00bb][\/split_line_heading][image_with_animation image_url=\u00bb7018&#8243; image_size=\u00bbfull\u00bb max_width=\u00bb100%\u00bb max_width_mobile=\u00bbdefault\u00bb animation_type=\u00bbentrance\u00bb animation=\u00bbNone\u00bb animation_movement_type=\u00bbtransform_y\u00bb hover_animation=\u00bbnone\u00bb alignment=\u00bbcenter\u00bb border_radius=\u00bbnone\u00bb box_shadow=\u00bbnone\u00bb image_loading=\u00bbdefault\u00bb margin_top=\u00bb-8%\u00bb][\/vc_column][vc_column column_padding=\u00bbno-extra-padding\u00bb column_padding_tablet=\u00bbinherit\u00bb column_padding_phone=\u00bbinherit\u00bb column_padding_position=\u00bball\u00bb flex_gap_desktop=\u00bb10px\u00bb column_element_direction_desktop=\u00bbdefault\u00bb column_element_spacing=\u00bbdefault\u00bb desktop_text_alignment=\u00bbdefault\u00bb tablet_text_alignment=\u00bbdefault\u00bb phone_text_alignment=\u00bbdefault\u00bb background_color_opacity=\u00bb1&#8243; background_hover_color_opacity=\u00bb1&#8243; column_backdrop_filter=\u00bbnone\u00bb column_shadow=\u00bbnone\u00bb column_border_radius=\u00bbnone\u00bb column_link_target=\u00bb_self\u00bb column_position=\u00bbdefault\u00bb gradient_direction=\u00bbleft_to_right\u00bb overlay_strength=\u00bb0.3&#8243; width=\u00bb1\/3&#8243; tablet_width_inherit=\u00bbdefault\u00bb animation_type=\u00bbdefault\u00bb bg_image_animation=\u00bbnone\u00bb border_type=\u00bbsimple\u00bb column_border_width=\u00bbnone\u00bb column_border_style=\u00bbsolid\u00bb][image_with_animation image_url=\u00bb7934&#8243; image_size=\u00bbfull\u00bb max_width=\u00bb100%\u00bb max_width_mobile=\u00bbdefault\u00bb animation_type=\u00bbentrance\u00bb animation=\u00bbNone\u00bb animation_movement_type=\u00bbtransform_y\u00bb hover_animation=\u00bbnone\u00bb alignment=\u00bb\u00bb img_link_target=\u00bb_blank\u00bb border_radius=\u00bbnone\u00bb box_shadow=\u00bbnone\u00bb image_loading=\u00bbdefault\u00bb img_link=\u00bbhttps:\/\/www.tripadvisor.com\/Attraction_Review-g297983-d7593937-Reviews-Gorgeous_Travel_Daily_Tours_Balloon_Flights-Goreme_Cappadocia.html\u00bb screen_reader_text=\u00bbTripAdvisor Traveler&#8217;s Choice 2024&#8243;][\/vc_column][\/vc_row][vc_row type=\u00bbin_container\u00bb full_screen_row_position=\u00bbmiddle\u00bb column_margin=\u00bbdefault\u00bb column_direction=\u00bbdefault\u00bb column_direction_tablet=\u00bbdefault\u00bb column_direction_phone=\u00bbdefault\u00bb scene_position=\u00bbcenter\u00bb text_color=\u00bbdark\u00bb text_align=\u00bbleft\u00bb row_border_radius=\u00bbnone\u00bb row_border_radius_applies=\u00bbbg\u00bb row_position_desktop=\u00bbdefault\u00bb row_position_tablet=\u00bbinherit\u00bb row_position_phone=\u00bbinherit\u00bb overflow=\u00bbvisible\u00bb overlay_strength=\u00bb0.3&#8243; gradient_direction=\u00bbleft_to_right\u00bb shape_divider_position=\u00bbbottom\u00bb bg_image_animation=\u00bbnone\u00bb][vc_column column_padding=\u00bbno-extra-padding\u00bb column_padding_tablet=\u00bbinherit\u00bb column_padding_phone=\u00bbinherit\u00bb column_padding_position=\u00bball\u00bb flex_gap_desktop=\u00bb10px\u00bb column_element_direction_desktop=\u00bbdefault\u00bb column_element_spacing=\u00bbdefault\u00bb desktop_text_alignment=\u00bbdefault\u00bb tablet_text_alignment=\u00bbdefault\u00bb phone_text_alignment=\u00bbdefault\u00bb background_color_opacity=\u00bb1&#8243; background_hover_color_opacity=\u00bb1&#8243; column_backdrop_filter=\u00bbnone\u00bb column_shadow=\u00bbnone\u00bb column_border_radius=\u00bbnone\u00bb column_link_target=\u00bb_self\u00bb column_position=\u00bbdefault\u00bb gradient_direction=\u00bbleft_to_right\u00bb overlay_strength=\u00bb0.3&#8243; width=\u00bb2\/3&#8243; tablet_width_inherit=\u00bbdefault\u00bb animation_type=\u00bbdefault\u00bb bg_image_animation=\u00bbnone\u00bb border_type=\u00bbsimple\u00bb column_border_width=\u00bbnone\u00bb column_border_style=\u00bbsolid\u00bb column_padding_type=\u00bbdefault\u00bb gradient_type=\u00bbdefault\u00bb offset=\u00bbvc_hidden-sm vc_hidden-xs\u00bb][vc_column_text css=\u00bb\u00bb text_direction=\u00bbdefault\u00bb]Explore nuestros <a href=\"https:\/\/gorgeousturkeytours.com\/es\/tour-category\/capadocia\/\">tours en Capadocia<\/a> o descubra <a href=\"https:\/\/gorgeousturkeytours.com\/es\/tienda\/\">tours por toda Turqu\u00eda<\/a>.[\/vc_column_text][\/vc_column][vc_column column_padding=\u00bbpadding-10-percent\u00bb column_padding_tablet=\u00bbinherit\u00bb column_padding_phone=\u00bbinherit\u00bb column_padding_position=\u00bbleft\u00bb flex_gap_desktop=\u00bb10px\u00bb column_element_direction_desktop=\u00bbdefault\u00bb column_element_spacing=\u00bbdefault\u00bb desktop_text_alignment=\u00bbdefault\u00bb tablet_text_alignment=\u00bbdefault\u00bb phone_text_alignment=\u00bbdefault\u00bb background_color_opacity=\u00bb1&#8243; background_hover_color_opacity=\u00bb1&#8243; column_backdrop_filter=\u00bbnone\u00bb column_shadow=\u00bbnone\u00bb column_border_radius=\u00bbnone\u00bb column_link_target=\u00bb_self\u00bb column_position=\u00bbdefault\u00bb gradient_direction=\u00bbleft_to_right\u00bb overlay_strength=\u00bb0.3&#8243; width=\u00bb1\/3&#8243; tablet_width_inherit=\u00bbdefault\u00bb animation_type=\u00bbdefault\u00bb bg_image_animation=\u00bbnone\u00bb border_type=\u00bbsimple\u00bb column_border_width=\u00bbnone\u00bb column_border_style=\u00bbsolid\u00bb column_padding_type=\u00bbdefault\u00bb gradient_type=\u00bbdefault\u00bb][vc_raw_html css=\u00bb\u00bb]PGRpdiBpZD0iVEFfc2VsZnNlcnZlcHJvcDcwNSIgY2xhc3M9IlRBX3NlbGZzZXJ2ZXByb3AiPg0KPHVsIGlkPSJvbGszUnJvIiBjbGFzcz0iVEFfbGlua3MgZnVhUHJBb2dxIj4NCiAJPGxpIGlkPSJUQ1p5U3RJODVuUCIgY2xhc3M9InBsRzRjRCI+PGEgaHJlZj0iaHR0cHM6Ly93d3cudHJpcGFkdmlzb3IuY29tLyIgdGFyZ2V0PSJfYmxhbmsiIHJlbD0ibm9vcGVuZXIiPjxpbWcgc3JjPSJodHRwczovL3d3dy50cmlwYWR2aXNvci5jb20vaW1nL2Nkc2kvaW1nMi9icmFuZGluZy8xNTBfbG9nby0xMTkwMC0yLnBuZyIgYWx0PSJUcmlwQWR2aXNvciIgLz48L2E+PC9saT4NCjwvdWw+DQo8L2Rpdj48YnI+PHNjcmlwdCBhc3luYyBzcmM9Imh0dHBzOi8vd3d3LmpzY2FjaGUuY29tL3dlanM\/d3R5cGU9c2VsZnNlcnZlcHJvcCZ1bmlxPTcwNSZsb2NhdGlvbklkPTc1OTM5MzcmbGFuZz1lcyZyYXRpbmc9dHJ1ZSZucmV2aWV3cz00JndyaXRlcmV2aWV3bGluaz10cnVlJnBvcElkeD10cnVlJmlzd2lkZT1mYWxzZSZib3JkZXI9dHJ1ZSZkaXNwbGF5X3ZlcnNpb249MiI+PC9zY3JpcHQ+[\/vc_raw_html][\/vc_column][\/vc_row][vc_row type=\u00bbfull_width_background\u00bb full_screen_row_position=\u00bbmiddle\u00bb column_margin=\u00bbdefault\u00bb column_direction=\u00bbdefault\u00bb column_direction_tablet=\u00bbdefault\u00bb column_direction_phone=\u00bbdefault\u00bb bg_color=\u00bb#ffffff\u00bb scene_position=\u00bbcenter\u00bb top_padding=\u00bb5%\u00bb bottom_padding=\u00bb4%\u00bb top_padding_tablet=\u00bb16%\u00bb text_color=\u00bbdark\u00bb text_align=\u00bbleft\u00bb row_border_radius=\u00bbnone\u00bb row_border_radius_applies=\u00bbbg\u00bb row_position_desktop=\u00bbdefault\u00bb row_position_tablet=\u00bbinherit\u00bb row_position_phone=\u00bbinherit\u00bb overflow=\u00bbvisible\u00bb overlay_strength=\u00bb0.3&#8243; gradient_direction=\u00bbleft_to_right\u00bb shape_divider_color=\u00bb#000000&#8243; shape_divider_position=\u00bbtop\u00bb bg_image_animation=\u00bbnone\u00bb shape_type=\u00bbstraight_section\u00bb gradient_type=\u00bbdefault\u00bb][vc_column column_padding=\u00bbno-extra-padding\u00bb column_padding_tablet=\u00bbinherit\u00bb column_padding_phone=\u00bbinherit\u00bb column_padding_position=\u00bball\u00bb flex_gap_desktop=\u00bb10px\u00bb column_element_direction_desktop=\u00bbdefault\u00bb column_element_spacing=\u00bb0px\u00bb desktop_text_alignment=\u00bbdefault\u00bb tablet_text_alignment=\u00bbdefault\u00bb phone_text_alignment=\u00bbdefault\u00bb background_color_opacity=\u00bb1&#8243; background_hover_color_opacity=\u00bb1&#8243; column_backdrop_filter=\u00bbnone\u00bb column_shadow=\u00bbnone\u00bb column_border_radius=\u00bbnone\u00bb column_link_target=\u00bb_self\u00bb column_position=\u00bbdefault\u00bb gradient_direction=\u00bbleft_to_right\u00bb overlay_strength=\u00bb0.3&#8243; width=\u00bb1\/1&#8243; tablet_width_inherit=\u00bbdefault\u00bb animation_type=\u00bbdefault\u00bb bg_image_animation=\u00bbnone\u00bb border_type=\u00bbsimple\u00bb column_border_width=\u00bbnone\u00bb column_border_style=\u00bbsolid\u00bb][vc_row_inner equal_height=\u00bbyes\u00bb content_placement=\u00bbbottom\u00bb column_margin=\u00bbnone\u00bb column_direction=\u00bbdefault\u00bb column_direction_tablet=\u00bbdefault\u00bb column_direction_phone=\u00bbdefault\u00bb bottom_padding=\u00bb30&#8243; bottom_padding_tablet=\u00bb20&#8243; text_align=\u00bbleft\u00bb row_position=\u00bbdefault\u00bb row_position_tablet=\u00bbinherit\u00bb row_position_phone=\u00bbinherit\u00bb overflow=\u00bbvisible\u00bb pointer_events=\u00bball\u00bb][vc_column_inner column_padding=\u00bbpadding-5-percent\u00bb column_padding_tablet=\u00bbinherit\u00bb column_padding_phone=\u00bbinherit\u00bb column_padding_position=\u00bbright\u00bb flex_gap_desktop=\u00bb10px\u00bb column_element_direction_desktop=\u00bbdefault\u00bb column_element_spacing=\u00bb5px\u00bb desktop_text_alignment=\u00bbdefault\u00bb tablet_text_alignment=\u00bbdefault\u00bb phone_text_alignment=\u00bbdefault\u00bb background_color_opacity=\u00bb1&#8243; background_hover_color_opacity=\u00bb1&#8243; column_backdrop_filter=\u00bbnone\u00bb column_shadow=\u00bbnone\u00bb column_border_radius=\u00bbnone\u00bb column_link_target=\u00bb_self\u00bb overflow=\u00bbvisible\u00bb gradient_direction=\u00bbleft_to_right\u00bb overlay_strength=\u00bb0.3&#8243; width=\u00bb1\/2&#8243; tablet_width_inherit=\u00bbsmall_desktop\u00bb animation_type=\u00bbdefault\u00bb bg_image_animation=\u00bbnone\u00bb border_type=\u00bbsimple\u00bb column_border_width=\u00bbnone\u00bb column_border_style=\u00bbsolid\u00bb][vc_column_text]\n<h2>Tours populares<\/h2>\n<p>Reserve hoy para evitar decepciones[\/vc_column_text][\/vc_column_inner][vc_column_inner column_padding=\u00bbno-extra-padding\u00bb column_padding_tablet=\u00bbinherit\u00bb column_padding_phone=\u00bbinherit\u00bb column_padding_position=\u00bball\u00bb flex_gap_desktop=\u00bb10px\u00bb column_element_direction_desktop=\u00bbdefault\u00bb column_element_spacing=\u00bbdefault\u00bb desktop_text_alignment=\u00bbdefault\u00bb tablet_text_alignment=\u00bbdefault\u00bb phone_text_alignment=\u00bbdefault\u00bb background_color_opacity=\u00bb1&#8243; background_hover_color_opacity=\u00bb1&#8243; column_backdrop_filter=\u00bbnone\u00bb column_shadow=\u00bbnone\u00bb column_border_radius=\u00bbnone\u00bb column_link_target=\u00bb_self\u00bb overflow=\u00bbvisible\u00bb gradient_direction=\u00bbleft_to_right\u00bb overlay_strength=\u00bb0.3&#8243; width=\u00bb1\/2&#8243; tablet_width_inherit=\u00bbsmall_desktop\u00bb animation_type=\u00bbdefault\u00bb bg_image_animation=\u00bbnone\u00bb border_type=\u00bbsimple\u00bb column_border_width=\u00bbnone\u00bb column_border_style=\u00bbsolid\u00bb offset=\u00bbvc_hidden-xs\u00bb][nectar_cta btn_style=\u00bbunderline\u00bb underline_visibility=\u00bbdefault\u00bb heading_tag=\u00bbspan\u00bb link_type=\u00bbregular\u00bb button_color=\u00bbdefault\u00bb text_color=\u00bb#000000&#8243; button_border_thickness=\u00bb0px\u00bb alignment=\u00bbright\u00bb alignment_tablet=\u00bbdefault\u00bb alignment_phone=\u00bbdefault\u00bb display=\u00bbblock\u00bb display_tablet=\u00bbinherit\u00bb display_phone=\u00bbinherit\u00bb icon_family=\u00bbnone\u00bb link_text=\u00bbVer todos los tours en Capadocia y Turqu\u00eda\u00bb url=\u00bbhttps:\/\/gorgeousturkeytours.com\/es\/shop\u00bb][\/vc_column_inner][\/vc_row_inner][nectar_woo_products product_type=\u00bbfeatured\u00bb category=\u00bball\u00bb columns=\u00bb4&#8243; flickity_mobile_column_width=\u00bb100%\u00bb orderby=\u00bbmenu_order\u00bb order=\u00bbASC\u00bb per_page=\u00bb12&#8243;][split_line_heading line_reveal_by_space_text_effect=\u00bbnone\u00bb font_style=\u00bbh5&#8243; mobile_disable_animation=\u00bbtrue\u00bb content_alignment=\u00bbdefault\u00bb mobile_content_alignment=\u00bbinherit\u00bb animation_type=\u00bbline-reveal-by-space\u00bb link_target=\u00bb_self\u00bb text_content=\u00bbCon m\u00e1s de 16 a\u00f1os de experiencia en el sector tur\u00edstico, Gorgeous Turkey Tours fue fundada en G\u00f6reme (Capadocia, Turqu\u00eda) en 2010. Nos especializamos en tours locales, vuelos en globo aerost\u00e1tico y experiencias de viaje en toda Capadocia.  Trabajamos con gu\u00edas con licencia y socios locales de confianza, centr\u00e1ndonos en una comunicaci\u00f3n clara, itinerarios realistas y una log\u00edstica fiable para viajeros que visitan Capadocia y destinos seleccionados en toda Turqu\u00eda.\u00bb text_direction=\u00bbdefault\u00bb][\/split_line_heading][vc_column_text css=\u00bb\u00bb text_direction=\u00bbdefault\u00bb]\n<h3>Gorgeous Turkey Tours en los medios<\/h3>\n[\/vc_column_text][vc_column_text css=\u00bb\u00bb text_direction=\u00bbdefault\u00bb]\n<h5><a href=\"https:\/\/metro.co.uk\/2025\/09\/13\/saw-legendary-cappadocia-without-huge-crowds-24137265\/\" target=\"_blank\" rel=\"noopener\"><img loading=\"lazy\" decoding=\"async\" class=\"alignleft wp-image-8195 size-thumbnail\" src=\"https:\/\/gorgeousturkeytours.com\/wp-content\/uploads\/2026\/02\/IMG_6015-9905-e1740136559623-150x150.webp\" alt=\"Mak\u015fng pottery in Avanos with Gorgeous Turkey Tours. hrilled by my mediocre attempt (Picture: Kristina Beanland)\" width=\"150\" height=\"150\" srcset=\"https:\/\/gorgeousturkeytours.com\/wp-content\/uploads\/2026\/02\/IMG_6015-9905-e1740136559623-150x150.webp 150w, https:\/\/gorgeousturkeytours.com\/wp-content\/uploads\/2026\/02\/IMG_6015-9905-e1740136559623-140x140.webp 140w, https:\/\/gorgeousturkeytours.com\/wp-content\/uploads\/2026\/02\/IMG_6015-9905-e1740136559623-300x300.webp 300w\" sizes=\"auto, (max-width: 150px) 100vw, 150px\" \/><\/a><\/h5>\n<p><\/p>\n<h5><b>Recomendado por <a title=\"I saw \u2018legendary\u2019 Cappadocia without huge crowds \u2013 here\u2019s how\" href=\"https:\/\/metro.co.uk\/2025\/09\/13\/saw-legendary-cappadocia-without-huge-crowds-24137265\/\" target=\"_blank\" rel=\"noopener\">Metro UK<\/a><\/b>: Los tours por Capadocia y las experiencias en globo operados por <strong data-start=\"363\" data-end=\"412\">Gorgeous Travel (ahora Gorgeous Turkey Tours)<\/strong> fueron incluidos en los consejos de viaje de <strong>Metro UK<\/strong>.<\/h5>\n<p><em>Gorgeous Turkey Tours operaba anteriormente bajo el nombre de Gorgeous Travel.<\/em>[\/vc_column_text][\/vc_column][\/vc_row][vc_row type=\u00bbin_container\u00bb full_screen_row_position=\u00bbmiddle\u00bb column_margin=\u00bbdefault\u00bb column_direction=\u00bbdefault\u00bb column_direction_tablet=\u00bbdefault\u00bb column_direction_phone=\u00bbdefault\u00bb scene_position=\u00bbcenter\u00bb text_color=\u00bbdark\u00bb text_align=\u00bbleft\u00bb row_border_radius=\u00bbnone\u00bb row_border_radius_applies=\u00bbbg\u00bb row_position_desktop=\u00bbdefault\u00bb row_position_tablet=\u00bbinherit\u00bb row_position_phone=\u00bbinherit\u00bb overflow=\u00bbvisible\u00bb overlay_strength=\u00bb0.3&#8243; gradient_direction=\u00bbleft_to_right\u00bb shape_divider_position=\u00bbbottom\u00bb bg_image_animation=\u00bbnone\u00bb][vc_column column_padding=\u00bbno-extra-padding\u00bb column_padding_tablet=\u00bbinherit\u00bb column_padding_phone=\u00bbinherit\u00bb column_padding_position=\u00bball\u00bb flex_gap_desktop=\u00bb10px\u00bb column_element_direction_desktop=\u00bbdefault\u00bb column_element_spacing=\u00bbdefault\u00bb desktop_text_alignment=\u00bbdefault\u00bb tablet_text_alignment=\u00bbdefault\u00bb phone_text_alignment=\u00bbdefault\u00bb background_color_opacity=\u00bb1&#8243; background_hover_color_opacity=\u00bb1&#8243; column_backdrop_filter=\u00bbnone\u00bb column_shadow=\u00bbnone\u00bb column_border_radius=\u00bbnone\u00bb column_link_target=\u00bb_self\u00bb column_position=\u00bbdefault\u00bb gradient_direction=\u00bbleft_to_right\u00bb overlay_strength=\u00bb0.3&#8243; width=\u00bb1\/1&#8243; tablet_width_inherit=\u00bbdefault\u00bb animation_type=\u00bbdefault\u00bb bg_image_animation=\u00bbnone\u00bb border_type=\u00bbsimple\u00bb column_border_width=\u00bbnone\u00bb column_border_style=\u00bbsolid\u00bb][vc_column_text css=\u00bb\u00bb text_direction=\u00bbdefault\u00bb]\n<h5>Explore <a href=\"https:\/\/gorgeousturkeytours.com\/es\/tour-category\/vuelos-por-globo-sobre-capadocia-goreme\/\">nuestros vuelos en globo aerost\u00e1tico en Capadocia<\/a>, <a href=\"https:\/\/gorgeousturkeytours.com\/es\/tour-category\/capadocia\/el-tour-safari-con-jeep\/\">tours de safari en veh\u00edculos todoterreno y jeep<\/a>, y categor\u00edas de tours en Capadocia y Turqu\u00eda.<\/h5>\n[\/vc_column_text][nectar_category_grid post_type=\u00bbproducts\u00bb product_category=\u00bbactivities,airport-transfers,antalya-tours,cappadocia-tours,cappadocia-packages,ephesus-tours,group-tours,cappadocia-hot-air-balloon-flights,istanbul-packages,istanbul-tours,mt-nemrut-tours,other-balloon-flights,pamukkale-tours,private-tours,safari-atv-jeep,turkiye-packages\u00bb text_content_alignment=\u00bbtop_left\u00bb heading_tag=\u00bbdefault\u00bb subtext=\u00bbnone\u00bb columns=\u00bb4&#8243; grid_item_spacing=\u00bbnone\u00bb enable_masonry=\u00bbyes\u00bb image_loading=\u00bblazy-load\u00bb grid_style=\u00bbcontent_overlaid\u00bb color_overlay_opacity=\u00bb0.3&#8243; color_overlay_hover_opacity=\u00bb0.4&#8243; text_color=\u00bblight\u00bb text_color_hover=\u00bblight\u00bb subtext_visibility=\u00bbalways\u00bb][\/vc_column][\/vc_row]\n","protected":false},"excerpt":{"rendered":"<p>[vc_row type=\u00bbin_container\u00bb full_screen_row_position=\u00bbmiddle\u00bb column_margin=\u00bbdefault\u00bb column_direction=\u00bbdefault\u00bb column_direction_tablet=\u00bbdefault\u00bb column_direction_phone=\u00bbdefault\u00bb scene_position=\u00bbcenter\u00bb top_margin=\u00bb2%\u00bb text_color=\u00bbdark\u00bb text_align=\u00bbleft\u00bb row_border_radius=\u00bbnone\u00bb row_border_radius_applies=\u00bbbg\u00bb row_position_desktop=\u00bbdefault\u00bb row_position_tablet=\u00bbinherit\u00bb row_position_phone=\u00bbinherit\u00bb overflow=\u00bbvisible\u00bb overlay_strength=\u00bb0.3&#8243; gradient_direction=\u00bbleft_to_right\u00bb shape_divider_position=\u00bbbottom\u00bb bg_image_animation=\u00bbnone\u00bb gradient_type=\u00bbdefault\u00bb shape_type=\u00bb\u00bb][vc_column column_padding=\u00bbno-extra-padding\u00bb column_padding_tablet=\u00bbinherit\u00bb column_padding_phone=\u00bbinherit\u00bb column_padding_position=\u00bball\u00bb flex_gap_desktop=\u00bb10px\u00bb column_element_direction_desktop=\u00bbdefault\u00bb column_element_spacing=\u00bbdefault\u00bb&#8230;<\/p>\n","protected":false},"author":1,"featured_media":0,"parent":0,"menu_order":0,"comment_status":"closed","ping_status":"closed","template":"","meta":{"footnotes":""},"class_list":["post-5815","page","type-page","status-publish"],"aioseo_notices":[],"_links":{"self":[{"href":"https:\/\/gorgeousturkeytours.com\/es\/wp-json\/wp\/v2\/pages\/5815","targetHints":{"allow":["GET"]}}],"collection":[{"href":"https:\/\/gorgeousturkeytours.com\/es\/wp-json\/wp\/v2\/pages"}],"about":[{"href":"https:\/\/gorgeousturkeytours.com\/es\/wp-json\/wp\/v2\/types\/page"}],"author":[{"embeddable":true,"href":"https:\/\/gorgeousturkeytours.com\/es\/wp-json\/wp\/v2\/users\/1"}],"replies":[{"embeddable":true,"href":"https:\/\/gorgeousturkeytours.com\/es\/wp-json\/wp\/v2\/comments?post=5815"}],"version-history":[{"count":26,"href":"https:\/\/gorgeousturkeytours.com\/es\/wp-json\/wp\/v2\/pages\/5815\/revisions"}],"predecessor-version":[{"id":8217,"href":"https:\/\/gorgeousturkeytours.com\/es\/wp-json\/wp\/v2\/pages\/5815\/revisions\/8217"}],"wp:attachment":[{"href":"https:\/\/gorgeousturkeytours.com\/es\/wp-json\/wp\/v2\/media?parent=5815"}],"curies":[{"name":"wp","href":"https:\/\/api.w.org\/{rel}","templated":true}]}}