{"id":3870,"date":"2023-07-27T13:38:58","date_gmt":"2023-07-27T13:38:58","guid":{"rendered":"https:\/\/gorgeousturkeytours.com\/tours\/paquete-capadocia-4\/"},"modified":"2025-03-31T16:54:54","modified_gmt":"2025-03-31T16:54:54","slug":"paquete-capadocia-3","status":"publish","type":"product","link":"https:\/\/gorgeousturkeytours.com\/es\/tours\/paquete-capadocia-3\/","title":{"rendered":"Paquete Capadocia 3"},"content":{"rendered":"[vc_row type=\u00bbfull_width_background\u00bb full_screen_row_position=\u00bbmiddle\u00bb column_margin=\u00bb90px\u00bb equal_height=\u00bbyes\u00bb content_placement=\u00bbmiddle\u00bb column_direction=\u00bbdefault\u00bb column_direction_tablet=\u00bbdefault\u00bb column_direction_phone=\u00bbdefault\u00bb bg_color=\u00bb#ffffff\u00bb scene_position=\u00bbcenter\u00bb constrain_group_1=\u00bbyes\u00bb top_padding_tablet=\u00bb8%\u00bb bottom_padding_tablet=\u00bb8%\u00bb text_color=\u00bbdark\u00bb text_align=\u00bbleft\u00bb row_border_radius=\u00bbnone\u00bb row_border_radius_applies=\u00bbbg\u00bb overflow=\u00bbvisible\u00bb id=\u00bbhome\u00bb overlay_strength=\u00bb0.5&#8243; gradient_direction=\u00bbtop_to_bottom\u00bb shape_divider_position=\u00bbbottom\u00bb bg_image_animation=\u00bbnone\u00bb shape_type=\u00bbstraight_section\u00bb][vc_column column_padding=\u00bbpadding-2-percent\u00bb column_padding_tablet=\u00bbno-extra-padding\u00bb column_padding_phone=\u00bbno-extra-padding\u00bb column_padding_position=\u00bbright\u00bb column_element_direction_desktop=\u00bbdefault\u00bb column_element_spacing=\u00bbdefault\u00bb desktop_text_alignment=\u00bbdefault\u00bb tablet_text_alignment=\u00bbdefault\u00bb phone_text_alignment=\u00bbdefault\u00bb background_color_opacity=\u00bb1&#8243; background_hover_color_opacity=\u00bb1&#8243; column_backdrop_filter=\u00bbnone\u00bb column_shadow=\u00bbnone\u00bb column_border_radius=\u00bbnone\u00bb column_link_target=\u00bb_self\u00bb column_position=\u00bbdefault\u00bb zindex=\u00bb100&#8243; gradient_direction=\u00bbleft_t_to_right_b\u00bb overlay_strength=\u00bb0.3&#8243; width=\u00bb3\/5&#8243; tablet_width_inherit=\u00bbdefault\u00bb animation_type=\u00bbdefault\u00bb bg_image_animation=\u00bbnone\u00bb border_type=\u00bbsimple\u00bb column_border_width=\u00bbnone\u00bb column_border_style=\u00bbsolid\u00bb offset=\u00bbvc_col-xs-12&#8243;][vc_row_inner column_margin=\u00bbdefault\u00bb column_direction=\u00bbdefault\u00bb column_direction_tablet=\u00bbdefault\u00bb column_direction_phone=\u00bbdefault\u00bb text_align=\u00bbleft\u00bb row_position=\u00bbdefault\u00bb row_position_tablet=\u00bbinherit\u00bb row_position_phone=\u00bbinherit\u00bb overflow=\u00bbvisible\u00bb pointer_events=\u00bball\u00bb min_width=\u00bb47vh\u00bb][vc_column_inner column_padding=\u00bbno-extra-padding\u00bb column_padding_tablet=\u00bbinherit\u00bb column_padding_phone=\u00bbinherit\u00bb column_padding_position=\u00bball\u00bb column_element_direction_desktop=\u00bbdefault\u00bb column_element_spacing=\u00bbdefault\u00bb desktop_text_alignment=\u00bbdefault\u00bb tablet_text_alignment=\u00bbdefault\u00bb phone_text_alignment=\u00bbdefault\u00bb background_color_opacity=\u00bb1&#8243; background_hover_color_opacity=\u00bb1&#8243; column_backdrop_filter=\u00bbnone\u00bb column_shadow=\u00bbnone\u00bb column_border_radius=\u00bbnone\u00bb column_link_target=\u00bb_self\u00bb overflow=\u00bbvisible\u00bb gradient_direction=\u00bbleft_to_right\u00bb overlay_strength=\u00bb0.3&#8243; width=\u00bb1\/1&#8243; tablet_width_inherit=\u00bbdefault\u00bb animation_type=\u00bbdefault\u00bb enable_animation=\u00bbtrue\u00bb animation=\u00bbfade-in-from-bottom\u00bb animation_easing=\u00bbdefault\u00bb bg_image_animation=\u00bbnone\u00bb border_type=\u00bbsimple\u00bb column_border_width=\u00bbnone\u00bb column_border_style=\u00bbsolid\u00bb enable_border_animation=\u00bbtrue\u00bb][vc_column_text css_animation=\u00bbnone\u00bb css=\u00bb.vc_custom_1743340265101{margin-bottom: 20px !important;}\u00bb text_direction=\u00bbdefault\u00bb]\n<h2 class=\"header-a fn org\">Paquete privado Capadocia 3<\/h2>\n[\/vc_column_text][vc_custom_heading text=\u00bbPaquete privado de un d\u00eda que incluye traslado privado al aeropuerto y un tour privado combinado por Capadocia. Opcional: vuelo regular en globo aerost\u00e1tico.\u00bb font_container=\u00bbtag:p|font_size:20px|text_align:left|line_height:2em\u00bb use_theme_fonts=\u00bbyes\u00bb css_animation=\u00bbnone\u00bb css=\u00bb\u00bb][vc_column_text css=\u00bb\u00bb text_direction=\u00bbdefault\u00bb]Este paquete privado incluye:<\/p>\n<ul>\n<li><a title=\"Capadocia Traslado privado.\" href=\"https:\/\/gorgeousturkeytours.com\/es\/tours\/traslado-privado-capadocia\/\">Traslado privado<\/a> de ida y vuelta desde el aeropuerto de Nev\u015fehir o Kayseri (a cualquier hora del d\u00eda o de la noche)<\/li>\n<li><a title=\"Tour privado mixto por Capadocia\" href=\"https:\/\/gorgeousturkeytours.com\/es\/tours\/lo-mas-destacado-de-capadocia\/\">Tour privado mixto por Capadocia<\/a> de 1 d\u00eda con todo incluido<\/li>\n<\/ul>\n<p><strong>Opcional: \u00a1Reserve su vuelo en globo con nosotros y obtenga un 10% de descuento!<\/strong><\/p>\n<ul>\n<li><a title=\"Vuelo est\u00e1ndar al amanecer en Capadocia\" href=\"https:\/\/gorgeousturkeytours.com\/es\/tours\/vuelo-estandar-al-amanecer\/\">Vuelo est\u00e1ndar al amanecer en globo<\/a><\/li>\n<\/ul>\n[\/vc_column_text][\/vc_column_inner][\/vc_row_inner][\/vc_column][vc_column column_padding=\u00bbno-extra-padding\u00bb column_padding_tablet=\u00bbinherit\u00bb column_padding_phone=\u00bbinherit\u00bb column_padding_position=\u00bball\u00bb column_element_direction_desktop=\u00bbdefault\u00bb column_element_spacing=\u00bbdefault\u00bb desktop_text_alignment=\u00bbdefault\u00bb tablet_text_alignment=\u00bbdefault\u00bb phone_text_alignment=\u00bbdefault\u00bb background_color_opacity=\u00bb1&#8243; background_hover_color_opacity=\u00bb1&#8243; column_backdrop_filter=\u00bbnone\u00bb column_shadow=\u00bbnone\u00bb column_border_radius=\u00bbnone\u00bb column_link_target=\u00bb_self\u00bb column_position=\u00bbdefault\u00bb gradient_direction=\u00bbleft_to_right\u00bb overlay_strength=\u00bb0.5&#8243; width=\u00bb2\/5&#8243; tablet_width_inherit=\u00bbdefault\u00bb animation_type=\u00bbdefault\u00bb bg_image_animation=\u00bbnone\u00bb border_type=\u00bbsimple\u00bb column_border_width=\u00bbnone\u00bb column_border_style=\u00bbsolid\u00bb offset=\u00bbvc_col-xs-12&#8243;][vc_row_inner column_margin=\u00bbdefault\u00bb column_direction=\u00bbdefault\u00bb column_direction_tablet=\u00bbdefault\u00bb column_direction_phone=\u00bbdefault\u00bb text_align=\u00bbleft\u00bb row_position=\u00bbdefault\u00bb row_position_tablet=\u00bbinherit\u00bb row_position_phone=\u00bbinherit\u00bb min_width_desktop=\u00bb43vw\u00bb min_width_tablet=\u00bb50vw\u00bb min_width_phone=\u00bb50vw\u00bb overflow=\u00bbvisible\u00bb pointer_events=\u00bball\u00bb][vc_column_inner column_padding=\u00bbno-extra-padding\u00bb column_padding_tablet=\u00bbinherit\u00bb column_padding_phone=\u00bbinherit\u00bb column_padding_position=\u00bball\u00bb column_element_direction_desktop=\u00bbdefault\u00bb column_element_spacing=\u00bbdefault\u00bb desktop_text_alignment=\u00bbdefault\u00bb tablet_text_alignment=\u00bbdefault\u00bb phone_text_alignment=\u00bbdefault\u00bb background_color_opacity=\u00bb1&#8243; background_hover_color_opacity=\u00bb1&#8243; background_image=\u00bb2096&#8243; background_image_position=\u00bbcenter center\u00bb background_image_stacking=\u00bbdefault\u00bb enable_bg_scale=\u00bbtrue\u00bb background_image_loading=\u00bbdefault\u00bb column_backdrop_filter=\u00bbnone\u00bb column_shadow=\u00bbnone\u00bb column_border_radius=\u00bbnone\u00bb column_link_target=\u00bb_self\u00bb overflow=\u00bbvisible\u00bb gradient_direction=\u00bbleft_to_right\u00bb overlay_strength=\u00bb0.5&#8243; width=\u00bb1\/1&#8243; tablet_width_inherit=\u00bbdefault\u00bb animation_type=\u00bbdefault\u00bb bg_image_animation=\u00bbro-reveal-from-right\u00bb border_type=\u00bbsimple\u00bb column_border_width=\u00bbnone\u00bb column_border_style=\u00bbsolid\u00bb column_padding_type=\u00bbdefault\u00bb gradient_type=\u00bbdefault\u00bb][divider line_type=\u00bbNo Line\u00bb custom_height=\u00bb80vh\u00bb custom_height_tablet=\u00bb40vh\u00bb custom_height_phone=\u00bb300px\u00bb][\/vc_column_inner][\/vc_row_inner][\/vc_column][\/vc_row][vc_row type=\u00bbfull_width_background\u00bb full_screen_row_position=\u00bbmiddle\u00bb column_margin=\u00bb90px\u00bb equal_height=\u00bbyes\u00bb content_placement=\u00bbmiddle\u00bb column_direction=\u00bbdefault\u00bb column_direction_tablet=\u00bbdefault\u00bb column_direction_phone=\u00bbdefault\u00bb bg_color=\u00bb#ffffff\u00bb scene_position=\u00bbcenter\u00bb constrain_group_1=\u00bbyes\u00bb top_padding_tablet=\u00bb8%\u00bb bottom_padding_tablet=\u00bb8%\u00bb text_color=\u00bbdark\u00bb text_align=\u00bbleft\u00bb row_border_radius=\u00bbnone\u00bb row_border_radius_applies=\u00bbbg\u00bb overflow=\u00bbvisible\u00bb overlay_strength=\u00bb0.5&#8243; gradient_direction=\u00bbtop_to_bottom\u00bb shape_divider_position=\u00bbbottom\u00bb bg_image_animation=\u00bbnone\u00bb shape_type=\u00bbstraight_section\u00bb gradient_type=\u00bbdefault\u00bb][vc_column column_padding=\u00bbpadding-2-percent\u00bb column_padding_tablet=\u00bbno-extra-padding\u00bb column_padding_phone=\u00bbno-extra-padding\u00bb column_padding_position=\u00bbright\u00bb column_element_direction_desktop=\u00bbdefault\u00bb column_element_spacing=\u00bbdefault\u00bb desktop_text_alignment=\u00bbdefault\u00bb tablet_text_alignment=\u00bbdefault\u00bb phone_text_alignment=\u00bbdefault\u00bb background_color_opacity=\u00bb1&#8243; background_hover_color_opacity=\u00bb1&#8243; column_backdrop_filter=\u00bbnone\u00bb column_shadow=\u00bbnone\u00bb column_border_radius=\u00bbnone\u00bb column_link_target=\u00bb_self\u00bb column_position=\u00bbdefault\u00bb zindex=\u00bb100&#8243; gradient_direction=\u00bbleft_t_to_right_b\u00bb overlay_strength=\u00bb0.3&#8243; width=\u00bb1\/1&#8243; tablet_width_inherit=\u00bbdefault\u00bb animation_type=\u00bbdefault\u00bb bg_image_animation=\u00bbnone\u00bb border_type=\u00bbsimple\u00bb column_border_width=\u00bbnone\u00bb column_border_style=\u00bbsolid\u00bb offset=\u00bbvc_col-xs-12&#8243;][vc_row_inner column_margin=\u00bb70px\u00bb column_direction=\u00bbdefault\u00bb column_direction_tablet=\u00bbdefault\u00bb column_direction_phone=\u00bbdefault\u00bb top_padding=\u00bb25&#8243; bottom_padding=\u00bb15&#8243; text_align=\u00bbleft\u00bb row_position=\u00bbdefault\u00bb row_position_tablet=\u00bbinherit\u00bb row_position_phone=\u00bbinherit\u00bb overflow=\u00bbvisible\u00bb pointer_events=\u00bball\u00bb][vc_column_inner column_padding=\u00bbno-extra-padding\u00bb column_padding_tablet=\u00bbinherit\u00bb column_padding_phone=\u00bbinherit\u00bb column_padding_position=\u00bball\u00bb column_element_direction_desktop=\u00bbdefault\u00bb column_element_spacing=\u00bbdefault\u00bb desktop_text_alignment=\u00bbdefault\u00bb tablet_text_alignment=\u00bbdefault\u00bb phone_text_alignment=\u00bbdefault\u00bb background_color_opacity=\u00bb1&#8243; background_hover_color_opacity=\u00bb1&#8243; column_backdrop_filter=\u00bbnone\u00bb column_shadow=\u00bbnone\u00bb column_border_radius=\u00bbnone\u00bb column_link_target=\u00bb_self\u00bb overflow=\u00bbvisible\u00bb gradient_direction=\u00bbleft_to_right\u00bb overlay_strength=\u00bb0.3&#8243; width=\u00bb1\/3&#8243; tablet_width_inherit=\u00bbsmall_desktop\u00bb animation_type=\u00bbdefault\u00bb enable_animation=\u00bbtrue\u00bb animation=\u00bbfade-in-from-bottom\u00bb animation_easing=\u00bbdefault\u00bb bg_image_animation=\u00bbnone\u00bb border_type=\u00bbsimple\u00bb column_border_width=\u00bbnone\u00bb column_border_style=\u00bbsolid\u00bb][vc_column_text css_animation=\u00bbnone\u00bb css=\u00bb.vc_custom_1743348388663{margin-bottom: 10px !important;}\u00bb text_direction=\u00bbdefault\u00bb]\n<h4>Inclusiones:<\/h4>\n<ul>\n<li>Traslado privado de ida y vuelta entre el aeropuerto (Kayseri o Nev\u015fehir) y su hotel, a cualquier hora del d\u00eda o de la noche.<\/li>\n<li>Tour privado mixto de un d\u00eda por Capadocia que incluye:\n<ul>\n<li>Recogida y regreso al hotel.<\/li>\n<li>Transporte en miniv\u00e1n c\u00f3modo y moderno.<\/li>\n<li>Gu\u00eda profesional de habla hispana.<\/li>\n<li><strong>Almuerzo y entradas.<\/strong><\/li>\n<\/ul>\n<\/li>\n<\/ul>\n[\/vc_column_text][vc_column_text css=\u00bb\u00bb text_direction=\u00bbdefault\u00bb]Para reservar este paquete, proporcione lo siguiente:<\/p>\n<div class=\"wpb_text_column wpb_content_element \">\n<div class=\"wpb_wrapper\">\n<ul>\n<li>Sus n\u00fameros de vuelo de llegada y salida, fecha y hora previstas de llegada y salida<\/li>\n<li>N\u00famero de personas en su grupo (y edades de los ni\u00f1os)<\/li>\n<li>Todos los detalles del pasaporte para todos, esta informaci\u00f3n es necesaria para el vuelo en globo.<\/li>\n<\/ul>\n<\/div>\n<\/div>\n[\/vc_column_text][\/vc_column_inner][vc_column_inner column_padding=\u00bbno-extra-padding\u00bb column_padding_tablet=\u00bbinherit\u00bb column_padding_phone=\u00bbinherit\u00bb column_padding_position=\u00bball\u00bb column_element_direction_desktop=\u00bbdefault\u00bb column_element_spacing=\u00bbdefault\u00bb desktop_text_alignment=\u00bbdefault\u00bb tablet_text_alignment=\u00bbdefault\u00bb phone_text_alignment=\u00bbdefault\u00bb background_color_opacity=\u00bb1&#8243; background_hover_color_opacity=\u00bb1&#8243; column_backdrop_filter=\u00bbnone\u00bb column_shadow=\u00bbnone\u00bb column_border_radius=\u00bbnone\u00bb column_link_target=\u00bb_self\u00bb overflow=\u00bbvisible\u00bb gradient_direction=\u00bbleft_to_right\u00bb overlay_strength=\u00bb0.3&#8243; width=\u00bb1\/3&#8243; tablet_width_inherit=\u00bbsmall_desktop\u00bb animation_type=\u00bbdefault\u00bb enable_animation=\u00bbtrue\u00bb animation=\u00bbfade-in-from-bottom\u00bb animation_easing=\u00bbdefault\u00bb bg_image_animation=\u00bbnone\u00bb border_type=\u00bbsimple\u00bb column_border_width=\u00bbnone\u00bb column_border_style=\u00bbsolid\u00bb][vc_column_text css_animation=\u00bbnone\u00bb css=\u00bb.vc_custom_1743439888484{margin-bottom: 10px !important;}\u00bb text_direction=\u00bbdefault\u00bb]\n<h4>Notas<\/h4>\n<ul>\n<li>Se dar\u00e1n m\u00e1s descuentos para grupos de 4 o m\u00e1s.- por favor pregunte para m\u00e1s informaci\u00f3n.<\/li>\n<li>Si desea actualizar su vuelo en globo a un vuelo de confort- por favor pregunte para m\u00e1s informaci\u00f3n.<\/li>\n<li><strong>Para reservas para una sola persona se cobrar\u00e1 un suplemento individual de 180\u20ac.<\/strong><\/li>\n<\/ul>\n[\/vc_column_text][\/vc_column_inner][vc_column_inner column_padding=\u00bbno-extra-padding\u00bb column_padding_tablet=\u00bbinherit\u00bb column_padding_phone=\u00bbinherit\u00bb column_padding_position=\u00bball\u00bb column_element_direction_desktop=\u00bbdefault\u00bb column_element_spacing=\u00bbdefault\u00bb desktop_text_alignment=\u00bbdefault\u00bb tablet_text_alignment=\u00bbdefault\u00bb phone_text_alignment=\u00bbdefault\u00bb background_color_opacity=\u00bb1&#8243; background_hover_color_opacity=\u00bb1&#8243; column_backdrop_filter=\u00bbnone\u00bb column_shadow=\u00bbnone\u00bb column_border_radius=\u00bbnone\u00bb column_link_target=\u00bb_self\u00bb overflow=\u00bbvisible\u00bb gradient_direction=\u00bbleft_to_right\u00bb overlay_strength=\u00bb0.3&#8243; width=\u00bb1\/3&#8243; tablet_width_inherit=\u00bbdefault\u00bb animation_type=\u00bbdefault\u00bb enable_animation=\u00bbtrue\u00bb animation=\u00bbfade-in-from-bottom\u00bb animation_easing=\u00bbdefault\u00bb bg_image_animation=\u00bbnone\u00bb border_type=\u00bbsimple\u00bb column_border_width=\u00bbnone\u00bb column_border_style=\u00bbsolid\u00bb column_padding_type=\u00bbdefault\u00bb gradient_type=\u00bbdefault\u00bb][vc_column_text css_animation=\u00bbnone\u00bb css=\u00bb.vc_custom_1689772799372{margin-bottom: 10px !important;}\u00bb]\n<h4>Cancelaciones<\/h4>\n[\/vc_column_text][vc_column_text]\n<ul>\n<li>Las cancelaciones\u00a0<strong>realizadas m\u00e1s de 48 horas<\/strong>\u00a0desde la hora\u00a0de llegada\u00a0programada\u00a0no se cobrar\u00e1n.<\/li>\n<li>A las cancelaciones\u00a0<strong>realizadas entre 24 y 48 horas<\/strong>\u00a0desde la hora de llegada programada\u00a0se les cobrar\u00e1 el 50\u00a0% del importe adeudado.<\/li>\n<li>Las ausencias y las cancelaciones\u00a0<strong>realizadas dentro de las 24 horas<\/strong>\u00a0de la hora de llegada programada\u00a0se cobrar\u00e1n el 100\u00a0% del importe adeudado.<\/li>\n<\/ul>\n[\/vc_column_text][\/vc_column_inner][\/vc_row_inner][vc_row_inner column_margin=\u00bbdefault\u00bb column_direction=\u00bbdefault\u00bb column_direction_tablet=\u00bbdefault\u00bb column_direction_phone=\u00bbdefault\u00bb bottom_padding=\u00bb0px\u00bb bottom_padding_tablet=\u00bb40px\u00bb bottom_padding_phone=\u00bb40px\u00bb text_align=\u00bbleft\u00bb row_position=\u00bbdefault\u00bb row_position_tablet=\u00bbinherit\u00bb row_position_phone=\u00bbinherit\u00bb overflow=\u00bbvisible\u00bb pointer_events=\u00bball\u00bb][vc_column_inner column_padding=\u00bbno-extra-padding\u00bb column_padding_tablet=\u00bbinherit\u00bb column_padding_phone=\u00bbinherit\u00bb column_padding_position=\u00bball\u00bb column_element_direction_desktop=\u00bbdefault\u00bb column_element_spacing=\u00bbdefault\u00bb desktop_text_alignment=\u00bbdefault\u00bb tablet_text_alignment=\u00bbdefault\u00bb phone_text_alignment=\u00bbdefault\u00bb background_color_opacity=\u00bb1&#8243; background_hover_color_opacity=\u00bb1&#8243; column_backdrop_filter=\u00bbnone\u00bb column_shadow=\u00bbnone\u00bb column_border_radius=\u00bbnone\u00bb column_link_target=\u00bb_self\u00bb overflow=\u00bbvisible\u00bb gradient_direction=\u00bbleft_to_right\u00bb overlay_strength=\u00bb0.3&#8243; width=\u00bb1\/1&#8243; tablet_width_inherit=\u00bbdefault\u00bb animation_type=\u00bbdefault\u00bb enable_animation=\u00bbtrue\u00bb animation=\u00bbfade-in-from-bottom\u00bb animation_easing=\u00bbdefault\u00bb bg_image_animation=\u00bbnone\u00bb border_type=\u00bbsimple\u00bb column_border_width=\u00bbnone\u00bb column_border_style=\u00bbsolid\u00bb][nectar_cta btn_style=\u00bbarrow-animation\u00bb heading_tag=\u00bbh6&#8243; button_color=\u00bbaccent-color\u00bb text_color=\u00bb#ffffff\u00bb button_border_thickness=\u00bb0px\u00bb link_type=\u00bbregular\u00bb alignment=\u00bbleft\u00bb alignment_tablet=\u00bbdefault\u00bb alignment_phone=\u00bbdefault\u00bb display=\u00bbblock\u00bb display_tablet=\u00bbinherit\u00bb display_phone=\u00bbinherit\u00bb link_text=\u00bbReservar ahora\u00bb padding_top=\u00bb15&#8243; padding_right=\u00bb35&#8243; padding_bottom=\u00bb15&#8243; padding_left=\u00bb35&#8243; url=\u00bb#\u00bb][\/vc_column_inner][\/vc_row_inner][\/vc_column][\/vc_row]\n","protected":false},"excerpt":{"rendered":"<p>Paquete privado de un d\u00eda que incluye traslado privado al aeropuerto y un tour privado combinado por Capadocia. Opcional: vuelo regular en globo aerost\u00e1tico.<\/p>\n","protected":false},"featured_media":3871,"template":"","meta":[],"product_brand":[],"product_cat":[211],"product_tag":[],"class_list":{"0":"post-3870","1":"product","2":"type-product","3":"status-publish","4":"has-post-thumbnail","6":"product_cat-paquete-capadocia","8":"first","9":"instock","10":"shipping-taxable","11":"purchasable","12":"product-type-simple"},"aioseo_notices":[],"_links":{"self":[{"href":"https:\/\/gorgeousturkeytours.com\/es\/wp-json\/wp\/v2\/product\/3870","targetHints":{"allow":["GET"]}}],"collection":[{"href":"https:\/\/gorgeousturkeytours.com\/es\/wp-json\/wp\/v2\/product"}],"about":[{"href":"https:\/\/gorgeousturkeytours.com\/es\/wp-json\/wp\/v2\/types\/product"}],"wp:featuredmedia":[{"embeddable":true,"href":"https:\/\/gorgeousturkeytours.com\/es\/wp-json\/wp\/v2\/media\/3871"}],"wp:attachment":[{"href":"https:\/\/gorgeousturkeytours.com\/es\/wp-json\/wp\/v2\/media?parent=3870"}],"wp:term":[{"taxonomy":"product_brand","embeddable":true,"href":"https:\/\/gorgeousturkeytours.com\/es\/wp-json\/wp\/v2\/product_brand?post=3870"},{"taxonomy":"product_cat","embeddable":true,"href":"https:\/\/gorgeousturkeytours.com\/es\/wp-json\/wp\/v2\/product_cat?post=3870"},{"taxonomy":"product_tag","embeddable":true,"href":"https:\/\/gorgeousturkeytours.com\/es\/wp-json\/wp\/v2\/product_tag?post=3870"}],"curies":[{"name":"wp","href":"https:\/\/api.w.org\/{rel}","templated":true}]}}