{"id":3901,"date":"2023-07-24T12:31:31","date_gmt":"2023-07-24T09:31:31","guid":{"rendered":"https:\/\/gorgeousturkeytours.com\/tours\/estandar-vuelo-al-amanecer\/"},"modified":"2026-04-17T11:33:38","modified_gmt":"2026-04-17T08:33:38","slug":"vuelo-estandar-al-amanecer","status":"publish","type":"product","link":"https:\/\/gorgeousturkeytours.com\/es\/tours\/vuelo-estandar-al-amanecer\/","title":{"rendered":"Vuelo Est\u00e1ndar al Amanecer"},"content":{"rendered":"[vc_row type=\u00bbfull_width_background\u00bb full_screen_row_position=\u00bbmiddle\u00bb column_margin=\u00bb90px\u00bb equal_height=\u00bbyes\u00bb content_placement=\u00bbmiddle\u00bb column_direction=\u00bbdefault\u00bb column_direction_tablet=\u00bbdefault\u00bb column_direction_phone=\u00bbdefault\u00bb bg_color=\u00bb#ffffff\u00bb scene_position=\u00bbcenter\u00bb constrain_group_1=\u00bbyes\u00bb top_padding_tablet=\u00bb8%\u00bb bottom_padding_tablet=\u00bb8%\u00bb text_color=\u00bbdark\u00bb text_align=\u00bbleft\u00bb row_border_radius=\u00bbnone\u00bb row_border_radius_applies=\u00bbbg\u00bb row_position_desktop=\u00bbdefault\u00bb row_position_tablet=\u00bbinherit\u00bb row_position_phone=\u00bbinherit\u00bb overflow=\u00bbvisible\u00bb id=\u00bbhome\u00bb overlay_strength=\u00bb0.5&#8243; gradient_direction=\u00bbtop_to_bottom\u00bb shape_divider_position=\u00bbbottom\u00bb bg_image_animation=\u00bbnone\u00bb shape_type=\u00bbstraight_section\u00bb][vc_column column_padding=\u00bbpadding-2-percent\u00bb column_padding_tablet=\u00bbno-extra-padding\u00bb column_padding_phone=\u00bbno-extra-padding\u00bb column_padding_position=\u00bbright\u00bb flex_gap_desktop=\u00bb10px\u00bb column_element_direction_desktop=\u00bbdefault\u00bb column_element_spacing=\u00bbdefault\u00bb desktop_text_alignment=\u00bbdefault\u00bb tablet_text_alignment=\u00bbdefault\u00bb phone_text_alignment=\u00bbdefault\u00bb background_color_opacity=\u00bb1&#8243; background_hover_color_opacity=\u00bb1&#8243; column_backdrop_filter=\u00bbnone\u00bb column_shadow=\u00bbnone\u00bb column_border_radius=\u00bbnone\u00bb column_link_target=\u00bb_self\u00bb column_position=\u00bbdefault\u00bb zindex=\u00bb100&#8243; gradient_direction=\u00bbleft_t_to_right_b\u00bb overlay_strength=\u00bb0.3&#8243; width=\u00bb1\/1&#8243; tablet_width_inherit=\u00bbdefault\u00bb animation_type=\u00bbdefault\u00bb bg_image_animation=\u00bbnone\u00bb border_type=\u00bbsimple\u00bb column_border_width=\u00bbnone\u00bb column_border_style=\u00bbsolid\u00bb offset=\u00bbvc_col-xs-12&#8243;][vc_row_inner column_margin=\u00bbdefault\u00bb column_direction=\u00bbdefault\u00bb column_direction_tablet=\u00bbdefault\u00bb column_direction_phone=\u00bbdefault\u00bb text_align=\u00bbleft\u00bb row_position=\u00bbdefault\u00bb row_position_tablet=\u00bbinherit\u00bb row_position_phone=\u00bbinherit\u00bb overflow=\u00bbvisible\u00bb pointer_events=\u00bball\u00bb min_width=\u00bb47vh\u00bb][vc_column_inner column_padding=\u00bbno-extra-padding\u00bb column_padding_tablet=\u00bbinherit\u00bb column_padding_phone=\u00bbinherit\u00bb column_padding_position=\u00bball\u00bb flex_gap_desktop=\u00bb10px\u00bb column_element_direction_desktop=\u00bbdefault\u00bb column_element_spacing=\u00bbdefault\u00bb desktop_text_alignment=\u00bbdefault\u00bb tablet_text_alignment=\u00bbdefault\u00bb phone_text_alignment=\u00bbdefault\u00bb background_color_opacity=\u00bb1&#8243; background_hover_color_opacity=\u00bb1&#8243; column_backdrop_filter=\u00bbnone\u00bb column_shadow=\u00bbnone\u00bb column_border_radius=\u00bbnone\u00bb column_link_target=\u00bb_self\u00bb overflow=\u00bbvisible\u00bb gradient_direction=\u00bbleft_to_right\u00bb overlay_strength=\u00bb0.3&#8243; width=\u00bb1\/1&#8243; tablet_width_inherit=\u00bbdefault\u00bb animation_type=\u00bbdefault\u00bb enable_animation=\u00bbtrue\u00bb animation=\u00bbfade-in-from-bottom\u00bb animation_easing=\u00bbdefault\u00bb bg_image_animation=\u00bbnone\u00bb border_type=\u00bbsimple\u00bb column_border_width=\u00bbnone\u00bb column_border_style=\u00bbsolid\u00bb enable_border_animation=\u00bbtrue\u00bb][vc_column_text css_animation=\u00bbnone\u00bb css=\u00bb.vc_custom_1764061781205{margin-bottom: 20px !important;}\u00bb text_direction=\u00bbdefault\u00bb]\n<h2>Vuelo Est\u00e1ndar al Amanecer<\/h2>\n[\/vc_column_text][vc_column_text css=\u00bb\u00bb text_direction=\u00bbdefault\u00bb]<strong>Emb\u00e1rcate en una aventura m\u00e1gica sobre los impresionantes paisajes de Capadocia con un paseo en globo aerost\u00e1tico al amanecer. Aproximadamente 1 hora.<\/strong><\/p>\n<div id=\"home\" class=\"wpb_row vc_row-fluid vc_row full-width-section vc_row-o-equal-height vc_row-flex vc_row-o-content-middle top_padding_tablet_8pct bottom_padding_tablet_8pct\" data-column-margin=\"90px\" data-midnight=\"dark\">\n<div class=\"row_col_wrap_12 col span_12 dark left\">\n<div class=\"vc_col-sm-12 vc_col-xs-12 wpb_column column_container vc_column_container col padding-2-percent no-extra-padding_tablet no-extra-padding_phone \" data-padding-pos=\"right\" data-has-bg-color=\"false\" data-bg-color=\"\" data-bg-opacity=\"1\" data-animation=\"\" data-delay=\"0\">\n<div class=\"vc_column-inner\">\n<div class=\"wpb_wrapper\">\n<div id=\"fws_69204c96dcf7f\" class=\"wpb_row vc_row-fluid vc_row inner_row\" data-midnight=\"\" data-column-margin=\"default\">\n<div class=\"row_col_wrap_12_inner col span_12 left\">\n<div class=\"vc_col-sm-12 wpb_column column_container vc_column_container col child_column has-animation no-extra-padding inherit_tablet inherit_phone triggered-animation animated-in\" data-padding-pos=\"all\" data-has-bg-color=\"false\" data-bg-color=\"\" data-bg-opacity=\"1\" data-animation=\"fade-in-from-bottom\" data-delay=\"0\">\n<div class=\"vc_column-inner\">\n<div class=\"wpb_wrapper\">\n<div class=\"wpb_text_column wpb_content_element \">\n<div class=\"wpb_wrapper\">\n<p>Emb\u00e1rcate en\u00a0<strong>una aventura m\u00e1gica<\/strong>\u00a0sobre los impresionantes paisajes de Capadocia con un paseo en globo aerost\u00e1tico al amanecer. Tu viaje comienza temprano, ya que te recoger\u00e1n en tu hotel aproximadamente 1,5 horas antes del amanecer. Te llevar\u00e1n a la oficina de la empresa de globos para registrarte y\u00a0<strong>tomar un desayuno ligero.<\/strong><\/p>\n<p>Mientras esperas, los pilotos est\u00e1n ocupados comprobando las condiciones meteorol\u00f3gicas para determinar los\u00a0<strong>puntos<\/strong>\u00a0de\u00a0<strong>despegue perfectos.<\/strong>\u00a0Estos puntos de despegue cambiar\u00e1n cada d\u00eda en funci\u00f3n de la velocidad y direcci\u00f3n del viento, para asegurarse de que tengas la mejor experiencia de vuelo posible.<\/p>\n<p>Una vez que la autoridad turca de Aviaci\u00f3n Civil d\u00e9 luz verde, te llevar\u00e1n al punto de despegue designado. Aqu\u00ed seguir\u00e1s una sesi\u00f3n informativa de seguridad y observar\u00e1s las fases finales del\u00a0<strong>inflado del globo<\/strong>.<\/p>\n<p>Marav\u00edllate ante la fascinante visi\u00f3n del globo cobrando vida con el sol naciente como tel\u00f3n de fondo.<\/p>\n<p>Con la ayuda del personal de tierra, sube a la cesta y despega suavemente hacia el cielo matutino. Alza el vuelo hacia los cielos rosados, donde las vistas panor\u00e1micas de los emblem\u00e1ticos valles, vi\u00f1edos y chimeneas de hadas de Capadocia se extienden bajo ti como una obra maestra. Guiado por un piloto experimentado, descubrir\u00e1s joyas ocultas y paisajes surrealistas por el camino durante\u00a0<strong>aproximadamente una hora<\/strong>.<\/p>\n<p>La duraci\u00f3n del vuelo puede variar entre 5 y 10 minutos seg\u00fan las condiciones del viento y el punto de aterrizaje. Los\u00a0<strong>monovol\u00famenes te estar\u00e1n esperando<\/strong>\u00a0mientras aterrizas suavemente.<\/p>\n<p>Al final de tu vuelo, celebra la experiencia con un\u00a0<strong>brindis<\/strong>\u00a0tradicional\u00a0<strong>con champ\u00e1n<\/strong>. Tambi\u00e9n recibir\u00e1s un\u00a0<strong>Certificado de Vuelo<\/strong>conmemorativo como recuerdo de esta extraordinaria aventura. Te\u00a0<strong>llevar\u00e1n de vuelta a tu hotel<\/strong>, listo para aprovechar el resto del d\u00eda en esta encantadora regi\u00f3n. Un paseo en globo aerost\u00e1tico sobre Capadocia no es s\u00f3lo un espect\u00e1culo visual, sino un viaje que conmueve el alma y deja una impresi\u00f3n duradera.<\/p>\n<\/div>\n<\/div>\n<\/div>\n<\/div>\n<\/div>\n<\/div>\n<\/div>\n<\/div>\n<\/div>\n<\/div>\n<\/div>\n<\/div>\n[\/vc_column_text][\/vc_column_inner][\/vc_row_inner][\/vc_column][\/vc_row][vc_row type=\u00bbfull_width_background\u00bb full_screen_row_position=\u00bbmiddle\u00bb column_margin=\u00bb90px\u00bb equal_height=\u00bbyes\u00bb content_placement=\u00bbmiddle\u00bb column_direction=\u00bbdefault\u00bb column_direction_tablet=\u00bbdefault\u00bb column_direction_phone=\u00bbdefault\u00bb bg_color=\u00bb#ffffff\u00bb scene_position=\u00bbcenter\u00bb constrain_group_1=\u00bbyes\u00bb top_padding_tablet=\u00bb8%\u00bb bottom_padding_tablet=\u00bb8%\u00bb text_color=\u00bbdark\u00bb text_align=\u00bbleft\u00bb row_border_radius=\u00bbnone\u00bb row_border_radius_applies=\u00bbbg\u00bb row_position_desktop=\u00bbdefault\u00bb row_position_tablet=\u00bbinherit\u00bb row_position_phone=\u00bbinherit\u00bb overflow=\u00bbvisible\u00bb overlay_strength=\u00bb0.5&#8243; gradient_direction=\u00bbtop_to_bottom\u00bb shape_divider_position=\u00bbbottom\u00bb bg_image_animation=\u00bbnone\u00bb shape_type=\u00bbstraight_section\u00bb gradient_type=\u00bbdefault\u00bb][vc_column column_padding=\u00bbpadding-2-percent\u00bb column_padding_tablet=\u00bbno-extra-padding\u00bb column_padding_phone=\u00bbno-extra-padding\u00bb column_padding_position=\u00bbright\u00bb top_margin=\u00bb5%\u00bb flex_gap_desktop=\u00bb10px\u00bb column_element_direction_desktop=\u00bbdefault\u00bb column_element_spacing=\u00bbdefault\u00bb desktop_text_alignment=\u00bbdefault\u00bb tablet_text_alignment=\u00bbdefault\u00bb phone_text_alignment=\u00bbdefault\u00bb background_color_opacity=\u00bb1&#8243; background_hover_color_opacity=\u00bb1&#8243; column_backdrop_filter=\u00bbnone\u00bb column_shadow=\u00bbnone\u00bb column_border_radius=\u00bbnone\u00bb column_link_target=\u00bb_self\u00bb column_position=\u00bbdefault\u00bb zindex=\u00bb100&#8243; gradient_direction=\u00bbleft_t_to_right_b\u00bb overlay_strength=\u00bb0.3&#8243; width=\u00bb1\/1&#8243; tablet_width_inherit=\u00bbdefault\u00bb animation_type=\u00bbdefault\u00bb bg_image_animation=\u00bbnone\u00bb border_type=\u00bbsimple\u00bb column_border_width=\u00bbnone\u00bb column_border_style=\u00bbsolid\u00bb offset=\u00bbvc_col-xs-12&#8243; column_padding_type=\u00bbdefault\u00bb gradient_type=\u00bbdefault\u00bb][vc_row_inner column_margin=\u00bb70px\u00bb column_direction=\u00bbdefault\u00bb column_direction_tablet=\u00bbdefault\u00bb column_direction_phone=\u00bbdefault\u00bb top_padding=\u00bb25&#8243; bottom_padding=\u00bb15&#8243; text_align=\u00bbleft\u00bb row_position=\u00bbdefault\u00bb row_position_tablet=\u00bbinherit\u00bb row_position_phone=\u00bbinherit\u00bb overflow=\u00bbvisible\u00bb pointer_events=\u00bball\u00bb][vc_column_inner column_padding=\u00bbno-extra-padding\u00bb column_padding_tablet=\u00bbinherit\u00bb column_padding_phone=\u00bbinherit\u00bb column_padding_position=\u00bball\u00bb flex_gap_desktop=\u00bb10px\u00bb column_element_direction_desktop=\u00bbdefault\u00bb column_element_spacing=\u00bbdefault\u00bb desktop_text_alignment=\u00bbdefault\u00bb tablet_text_alignment=\u00bbdefault\u00bb phone_text_alignment=\u00bbdefault\u00bb background_color_opacity=\u00bb1&#8243; background_hover_color_opacity=\u00bb1&#8243; column_backdrop_filter=\u00bbnone\u00bb column_shadow=\u00bbnone\u00bb column_border_radius=\u00bbnone\u00bb column_link_target=\u00bb_self\u00bb overflow=\u00bbvisible\u00bb gradient_direction=\u00bbleft_to_right\u00bb overlay_strength=\u00bb0.3&#8243; width=\u00bb1\/3&#8243; tablet_width_inherit=\u00bbsmall_desktop\u00bb animation_type=\u00bbdefault\u00bb enable_animation=\u00bbtrue\u00bb animation=\u00bbfade-in-from-bottom\u00bb animation_easing=\u00bbdefault\u00bb bg_image_animation=\u00bbnone\u00bb border_type=\u00bbsimple\u00bb column_border_width=\u00bbnone\u00bb column_border_style=\u00bbsolid\u00bb][vc_column_text css_animation=\u00bbnone\u00bb css=\u00bb.vc_custom_1689773585088{margin-bottom: 10px !important;}\u00bb]\n<h4>Incluye<\/h4>\n[\/vc_column_text][vc_column_text css=\u00bb\u00bb text_direction=\u00bbdefault\u00bb]\n<ul>\n<li>Recogida y regreso a tu hotel<\/li>\n<li>Desayuno ligero<\/li>\n<li>Aproximadamente 1 hora de vuelo (m\u00e1x. 28-32 personas por canasta)<\/li>\n<li>Celebraci\u00f3n con champa\u00f1a y certificado de vuelo<\/li>\n<li>Seguro personal por un valor de 25 millones de euros<\/li>\n<\/ul>\n[\/vc_column_text][\/vc_column_inner][vc_column_inner column_padding=\u00bbno-extra-padding\u00bb column_padding_tablet=\u00bbinherit\u00bb column_padding_phone=\u00bbinherit\u00bb column_padding_position=\u00bball\u00bb flex_gap_desktop=\u00bb10px\u00bb column_element_direction_desktop=\u00bbdefault\u00bb column_element_spacing=\u00bbdefault\u00bb desktop_text_alignment=\u00bbdefault\u00bb tablet_text_alignment=\u00bbdefault\u00bb phone_text_alignment=\u00bbdefault\u00bb background_color_opacity=\u00bb1&#8243; background_hover_color_opacity=\u00bb1&#8243; column_backdrop_filter=\u00bbnone\u00bb column_shadow=\u00bbnone\u00bb column_border_radius=\u00bbnone\u00bb column_link_target=\u00bb_self\u00bb overflow=\u00bbvisible\u00bb gradient_direction=\u00bbleft_to_right\u00bb overlay_strength=\u00bb0.3&#8243; width=\u00bb1\/3&#8243; tablet_width_inherit=\u00bbsmall_desktop\u00bb animation_type=\u00bbdefault\u00bb enable_animation=\u00bbtrue\u00bb animation=\u00bbfade-in-from-bottom\u00bb animation_easing=\u00bbdefault\u00bb bg_image_animation=\u00bbnone\u00bb border_type=\u00bbsimple\u00bb column_border_width=\u00bbnone\u00bb column_border_style=\u00bbsolid\u00bb][vc_column_text css_animation=\u00bbnone\u00bb css=\u00bb.vc_custom_1689773390381{margin-bottom: 10px !important;}\u00bb]\n<h4>Notas<\/h4>\n[\/vc_column_text][vc_column_text text_direction=\u00bbdefault\u00bb]\n<ul>\n<li>Hora de recogida: Los horarios depender\u00e1n de la salida del sol. Consulta este enlace para una gu\u00eda sobre los horarios de puesta de sol para las fechas de tu visita.<\/li>\n<li>Los ni\u00f1os menores de 6 a\u00f1os NO tienen permitido volar por razones de seguridad en el vuelo en globo sobre Capadocia<\/li>\n<\/ul>\n[\/vc_column_text][vc_column_text css=\u00bb\u00bb text_direction=\u00bbdefault\u00bb]\n<ul>\n<li>Este vuelo comienza 30 minutos antes del amanecer. Si el tiempo est\u00e1 despejado, podr\u00e1 contemplar la salida del sol desde el globo aerost\u00e1tico. La autorizaci\u00f3n de vuelo puede retrasarse en d\u00edas ventosos, por lo que, incluso con esta opci\u00f3n, es posible que no pueda ver el amanecer en algunos d\u00edas.<\/li>\n<\/ul>\n[\/vc_column_text][\/vc_column_inner][vc_column_inner column_padding=\u00bbno-extra-padding\u00bb column_padding_tablet=\u00bbinherit\u00bb column_padding_phone=\u00bbinherit\u00bb column_padding_position=\u00bball\u00bb flex_gap_desktop=\u00bb10px\u00bb column_element_direction_desktop=\u00bbdefault\u00bb column_element_spacing=\u00bbdefault\u00bb desktop_text_alignment=\u00bbdefault\u00bb tablet_text_alignment=\u00bbdefault\u00bb phone_text_alignment=\u00bbdefault\u00bb background_color_opacity=\u00bb1&#8243; background_hover_color_opacity=\u00bb1&#8243; column_backdrop_filter=\u00bbnone\u00bb column_shadow=\u00bbnone\u00bb column_border_radius=\u00bbnone\u00bb column_link_target=\u00bb_self\u00bb overflow=\u00bbvisible\u00bb gradient_direction=\u00bbleft_to_right\u00bb overlay_strength=\u00bb0.3&#8243; width=\u00bb1\/3&#8243; tablet_width_inherit=\u00bbdefault\u00bb animation_type=\u00bbdefault\u00bb enable_animation=\u00bbtrue\u00bb animation=\u00bbfade-in-from-bottom\u00bb animation_easing=\u00bbdefault\u00bb bg_image_animation=\u00bbnone\u00bb border_type=\u00bbsimple\u00bb column_border_width=\u00bbnone\u00bb column_border_style=\u00bbsolid\u00bb column_padding_type=\u00bbdefault\u00bb gradient_type=\u00bbdefault\u00bb][vc_column_text css_animation=\u00bbnone\u00bb css=\u00bb.vc_custom_1689772799372{margin-bottom: 10px !important;}\u00bb]\n<h4>Cancelaciones:<\/h4>\n[\/vc_column_text][vc_column_text]\n<ul>\n<li>Si el vuelo en globo se cancela debido al mal tiempo, recibir\u00e1s un reembolso del 100%.<\/li>\n<li>Las cancelaciones hechas con m\u00e1s de 48 horas de anticipaci\u00f3n al inicio del tour no ser\u00e1n cobradas.<\/li>\n<li>Las cancelaciones hechas entre 24-48 horas antes del inicio del tour ser\u00e1n cobradas al 50% del monto total.<\/li>\n<li>Las cancelaciones hechas dentro de las 24 horas antes del inicio, o la no presentaci\u00f3n, ser\u00e1n cobradas al 100% del monto total.<\/li>\n<\/ul>\n[\/vc_column_text][\/vc_column_inner][\/vc_row_inner][vc_row_inner column_margin=\u00bbdefault\u00bb column_direction=\u00bbdefault\u00bb column_direction_tablet=\u00bbdefault\u00bb column_direction_phone=\u00bbdefault\u00bb bottom_padding=\u00bb0px\u00bb bottom_padding_tablet=\u00bb40px\u00bb bottom_padding_phone=\u00bb40px\u00bb text_align=\u00bbleft\u00bb row_position=\u00bbdefault\u00bb row_position_tablet=\u00bbinherit\u00bb row_position_phone=\u00bbinherit\u00bb overflow=\u00bbvisible\u00bb pointer_events=\u00bball\u00bb][vc_column_inner column_padding=\u00bbno-extra-padding\u00bb column_padding_tablet=\u00bbinherit\u00bb column_padding_phone=\u00bbinherit\u00bb column_padding_position=\u00bball\u00bb flex_gap_desktop=\u00bb10px\u00bb column_element_direction_desktop=\u00bbdefault\u00bb column_element_spacing=\u00bbdefault\u00bb desktop_text_alignment=\u00bbdefault\u00bb tablet_text_alignment=\u00bbdefault\u00bb phone_text_alignment=\u00bbdefault\u00bb background_color_opacity=\u00bb1&#8243; background_hover_color_opacity=\u00bb1&#8243; column_backdrop_filter=\u00bbnone\u00bb column_shadow=\u00bbnone\u00bb column_border_radius=\u00bbnone\u00bb column_link_target=\u00bb_self\u00bb overflow=\u00bbvisible\u00bb gradient_direction=\u00bbleft_to_right\u00bb overlay_strength=\u00bb0.3&#8243; width=\u00bb1\/1&#8243; tablet_width_inherit=\u00bbdefault\u00bb animation_type=\u00bbdefault\u00bb enable_animation=\u00bbtrue\u00bb animation=\u00bbfade-in-from-bottom\u00bb animation_easing=\u00bbdefault\u00bb bg_image_animation=\u00bbnone\u00bb border_type=\u00bbsimple\u00bb column_border_width=\u00bbnone\u00bb column_border_style=\u00bbsolid\u00bb][nectar_cta btn_style=\u00bbarrow-animation\u00bb heading_tag=\u00bbh6&#8243; link_type=\u00bbregular\u00bb button_color=\u00bbaccent-color\u00bb text_color=\u00bb#ffffff\u00bb button_border_thickness=\u00bb0px\u00bb alignment=\u00bbleft\u00bb alignment_tablet=\u00bbdefault\u00bb alignment_phone=\u00bbdefault\u00bb display=\u00bbblock\u00bb display_tablet=\u00bbinherit\u00bb display_phone=\u00bbinherit\u00bb link_text=\u00bbReservar ahora\u00bb padding_top=\u00bb15&#8243; padding_right=\u00bb35&#8243; padding_bottom=\u00bb15&#8243; padding_left=\u00bb35&#8243; url=\u00bb#\u00bb][\/vc_column_inner][\/vc_row_inner][\/vc_column][\/vc_row][vc_row type=\u00bbin_container\u00bb full_screen_row_position=\u00bbmiddle\u00bb column_margin=\u00bbdefault\u00bb column_direction=\u00bbdefault\u00bb column_direction_tablet=\u00bbdefault\u00bb column_direction_phone=\u00bbdefault\u00bb scene_position=\u00bbcenter\u00bb text_color=\u00bbdark\u00bb text_align=\u00bbleft\u00bb row_border_radius=\u00bbnone\u00bb row_border_radius_applies=\u00bbbg\u00bb row_position_desktop=\u00bbdefault\u00bb row_position_tablet=\u00bbinherit\u00bb row_position_phone=\u00bbinherit\u00bb overflow=\u00bbvisible\u00bb overlay_strength=\u00bb0.3&#8243; gradient_direction=\u00bbleft_to_right\u00bb shape_divider_position=\u00bbbottom\u00bb bg_image_animation=\u00bbnone\u00bb][vc_column column_padding=\u00bbno-extra-padding\u00bb column_padding_tablet=\u00bbinherit\u00bb column_padding_phone=\u00bbinherit\u00bb column_padding_position=\u00bball\u00bb flex_gap_desktop=\u00bb10px\u00bb column_element_direction_desktop=\u00bbdefault\u00bb column_element_spacing=\u00bbdefault\u00bb desktop_text_alignment=\u00bbdefault\u00bb tablet_text_alignment=\u00bbdefault\u00bb phone_text_alignment=\u00bbdefault\u00bb background_color_opacity=\u00bb1&#8243; background_hover_color_opacity=\u00bb1&#8243; column_backdrop_filter=\u00bbnone\u00bb column_shadow=\u00bbnone\u00bb column_border_radius=\u00bbnone\u00bb column_link_target=\u00bb_self\u00bb column_position=\u00bbdefault\u00bb gradient_direction=\u00bbleft_to_right\u00bb overlay_strength=\u00bb0.3&#8243; width=\u00bb1\/1&#8243; tablet_width_inherit=\u00bbdefault\u00bb animation_type=\u00bbdefault\u00bb bg_image_animation=\u00bbnone\u00bb border_type=\u00bbsimple\u00bb column_border_width=\u00bbnone\u00bb column_border_style=\u00bbsolid\u00bb][\/vc_column][\/vc_row]\n","protected":false},"excerpt":{"rendered":"<p><strong>Emb\u00e1rcate en una aventura m\u00e1gica sobre los impresionantes paisajes de Capadocia con un paseo en globo aerost\u00e1tico al amanecer. Aproximadamente 1 hora.<\/strong><\/p>\n","protected":false},"featured_media":8167,"template":"","meta":[],"product_brand":[],"product_cat":[210],"product_tag":[],"class_list":{"0":"post-3901","1":"product","2":"type-product","3":"status-publish","4":"has-post-thumbnail","6":"product_cat-vuelos-por-globo-sobre-capadocia-goreme","8":"first","9":"instock","10":"featured","11":"shipping-taxable","12":"purchasable","13":"product-type-simple"},"aioseo_notices":[],"_links":{"self":[{"href":"https:\/\/gorgeousturkeytours.com\/es\/wp-json\/wp\/v2\/product\/3901","targetHints":{"allow":["GET"]}}],"collection":[{"href":"https:\/\/gorgeousturkeytours.com\/es\/wp-json\/wp\/v2\/product"}],"about":[{"href":"https:\/\/gorgeousturkeytours.com\/es\/wp-json\/wp\/v2\/types\/product"}],"wp:featuredmedia":[{"embeddable":true,"href":"https:\/\/gorgeousturkeytours.com\/es\/wp-json\/wp\/v2\/media\/8167"}],"wp:attachment":[{"href":"https:\/\/gorgeousturkeytours.com\/es\/wp-json\/wp\/v2\/media?parent=3901"}],"wp:term":[{"taxonomy":"product_brand","embeddable":true,"href":"https:\/\/gorgeousturkeytours.com\/es\/wp-json\/wp\/v2\/product_brand?post=3901"},{"taxonomy":"product_cat","embeddable":true,"href":"https:\/\/gorgeousturkeytours.com\/es\/wp-json\/wp\/v2\/product_cat?post=3901"},{"taxonomy":"product_tag","embeddable":true,"href":"https:\/\/gorgeousturkeytours.com\/es\/wp-json\/wp\/v2\/product_tag?post=3901"}],"curies":[{"name":"wp","href":"https:\/\/api.w.org\/{rel}","templated":true}]}}