{"id":3716,"date":"2023-07-06T15:04:50","date_gmt":"2023-07-06T15:04:50","guid":{"rendered":"https:\/\/gorgeousturkeytours.com\/termos-e-condicoes\/"},"modified":"2025-07-16T13:32:05","modified_gmt":"2025-07-16T13:32:05","slug":"termos-e-condicoes","status":"publish","type":"page","link":"https:\/\/gorgeousturkeytours.com\/pt-pt\/termos-e-condicoes\/","title":{"rendered":"Termos e Condi\u00e7\u00f5es"},"content":{"rendered":"<p>&nbsp;[vc_row type=&#8221;in_container&#8221; full_screen_row_position=&#8221;middle&#8221; column_margin=&#8221;default&#8221; column_direction=&#8221;default&#8221; column_direction_tablet=&#8221;default&#8221; column_direction_phone=&#8221;default&#8221; scene_position=&#8221;center&#8221; text_color=&#8221;dark&#8221; text_align=&#8221;left&#8221; row_border_radius=&#8221;none&#8221; row_border_radius_applies=&#8221;bg&#8221; overflow=&#8221;visible&#8221; overlay_strength=&#8221;0.3&#8243; gradient_direction=&#8221;left_to_right&#8221; shape_divider_position=&#8221;bottom&#8221; bg_image_animation=&#8221;none&#8221;][vc_column column_padding=&#8221;no-extra-padding&#8221; column_padding_tablet=&#8221;inherit&#8221; column_padding_phone=&#8221;inherit&#8221; column_padding_position=&#8221;all&#8221; column_element_direction_desktop=&#8221;default&#8221; column_element_spacing=&#8221;default&#8221; desktop_text_alignment=&#8221;default&#8221; tablet_text_alignment=&#8221;default&#8221; phone_text_alignment=&#8221;default&#8221; background_color_opacity=&#8221;1&#8243; background_hover_color_opacity=&#8221;1&#8243; column_backdrop_filter=&#8221;none&#8221; column_shadow=&#8221;none&#8221; column_border_radius=&#8221;none&#8221; column_link_target=&#8221;_self&#8221; column_position=&#8221;default&#8221; gradient_direction=&#8221;left_to_right&#8221; overlay_strength=&#8221;0.3&#8243; width=&#8221;1\/1&#8243; tablet_width_inherit=&#8221;default&#8221; animation_type=&#8221;default&#8221; bg_image_animation=&#8221;none&#8221; border_type=&#8221;simple&#8221; column_border_width=&#8221;none&#8221; column_border_style=&#8221;solid&#8221;][vc_column_text css=&#8221;&#8221; text_direction=&#8221;default&#8221;]&nbsp;<\/p>\n<strong>Reservations:\u00a0<\/strong>&#13;\n<div>When you want to make reservation, You must provide details of at least two contact methods (email, WhatsApp, Telegram, Mobile). Please enter details correctly. We need passport information for some tours.<\/div>&#13;\n<p><strong>Reservas:<\/strong><br\/><br\/>Quando desejar efetuar reserva, dever\u00e1 fornecer os dados de, pelo menos, dois m\u00e9todos de contacto (e-mail, WhatsApp, Telegram, Mobile). Introduza os detalhes corretamente. Precisamos de informa\u00e7\u00f5es de passaporte para alguns passeios.<br\/><strong>Dep\u00f3sitos:<\/strong><br\/>Para confirmar a sua reserva dever\u00e1 pagar um dep\u00f3sito. A taxa de dep\u00f3sito varia de acordo com as datas e os passeios.<br\/>Os pre\u00e7os v\u00e1lidos por 1 semana. Se pagou e o pre\u00e7o aumentou, n\u00e3o o afetar\u00e1. Se os pre\u00e7os diminu\u00edrem ap\u00f3s o pagamento, podemos reduzir o pagamento do saldo.<br\/><strong>Pagamento:<\/strong><br\/>Pode pagar em dinheiro ou com cart\u00e3o de cr\u00e9dito (Mastercard, Visa, UnionPay).<br\/><strong>Divisa:<\/strong><br\/>Os pre\u00e7os est\u00e3o em euros. Quando se pretende pagar com lira turca, d\u00f3lar americano, libra esterlina ou iene japon\u00eas, utilizamos a taxa de c\u00e2mbio atual.<br\/><strong>Cancelamentos:<\/strong><br\/>Quando quiser alterar o seu itiner\u00e1rio, se n\u00e3o houver nenhum custo extra devido a terceiros para a nossa empresa, n\u00e3o solicitaremos nenhum extra.<br\/><br\/><strong>Cancelamentos:<\/strong><br\/>Cancelamento de pacotes tur\u00edsticos e passagens a\u00e9reas;<br\/><ul>&#13;\n \t<li>Precisa de pagar multas cobradas de n\u00f3s por terceiros.<\/li>&#13;\n \t<li>Outras todas as reservas podem ser canceladas gratuitamente at\u00e9 48 horas de anteced\u00eancia.<\/li>&#13;\n \t<li>Ao cancelar entre as \u00faltimas 24 a 48 horas, perder\u00e1 o seu dep\u00f3sito.<\/li>&#13;\n \t<li>Ao cancelar nas \u00faltimas 24 horas, dever\u00e1 pagar todas as taxas de reserva.<\/li>&#13;\n<\/ul><br\/>Deve seguir o itiner\u00e1rio que lhe enviamos. Deve estar pronto na hora e local de recolha. \u00c9 respons\u00e1vel por quaisquer custos incorridos devido a voos perdidos, transfers de aeroporto e passeios.<br\/><strong>Privacidade e seguran\u00e7a do cart\u00e3o de cr\u00e9dito:<\/strong><br\/>Nunca partilhamos os seus dados de contacto ou itiner\u00e1rio com outras organiza\u00e7\u00f5es. Os dados do seu cart\u00e3o ser\u00e3o automaticamente eliminados ap\u00f3s o pagamento.<\/p>&#13;\n<div>To confirme your reservation you must pay deposit, The reservation request sent it with out deposit never confirmed. Deposit rate is changing according the dates and tours.<br\/>The prices\u00a0valid for 1 week. If you paid and if the price increased, its not effecting you. If the prices reduced after you\u00a0made payment, we can reduce balance payment.<\/div>&#13;\n<p>\u00a0<\/p>&#13;\n<div>You can pay cash or with credit card (Mastercard, Visa, UnionPay).<\/div>&#13;\n<p>\u00a0<\/p>&#13;\n<div>Price are in Euro. When you want to pay with Turkish Lira, USD, British Pound or Japanese Yen then we use current exchange rate.<\/div>&#13;\n<p>\u00a0<\/p>&#13;\n<div>When you want to change your itenerary, if its no extra cost due third parties to our company than we dont ask you any extra.<\/div>&#13;\n<div>\u00a0<\/div>&#13;\n<div><strong>Cancellations:<\/strong><\/div>&#13;\n<ul>&#13;\n<li>Cancellation of package tour and flight tickets; You need to pay penalty fees that charge from us by third parties.<\/li>&#13;\n<li>Other all reservations can be canceled free of charge up to 48 hours in advance.<\/li>&#13;\n<li>When you cancel between last 24-48 hours, You will lose your deposit.<\/li>&#13;\n<li>When you cancel in last 24 hours, then you must pay all reservation fee.<\/li>&#13;\n<\/ul>&#13;\n<div>You must follow the itinerary that we sent you. You must be ready on pick up time and place.\u00a0 You are responsible for any costs incurred due to missed flights, airport transfers and\u00a0 tours.<\/div>&#13;\n<p>\u00a0<\/p>&#13;\n<div>We never share your contact or itinerary details with any other organizations. Your card details will be deleted automatically after your payment.<\/div>&#13;\n<div>\u00a0<\/div>&#13;\n<p><\/p>[\/vc_column_text][\/vc_column][\/vc_row]\n","protected":false},"excerpt":{"rendered":"<p>&nbsp;[vc_row type=&#8221;in_container&#8221; full_screen_row_position=&#8221;middle&#8221; column_margin=&#8221;default&#8221; column_direction=&#8221;default&#8221; column_direction_tablet=&#8221;default&#8221; column_direction_phone=&#8221;default&#8221; scene_position=&#8221;center&#8221; text_color=&#8221;dark&#8221; text_align=&#8221;left&#8221; row_border_radius=&#8221;none&#8221; row_border_radius_applies=&#8221;bg&#8221; overflow=&#8221;visible&#8221; overlay_strength=&#8221;0.3&#8243; gradient_direction=&#8221;left_to_right&#8221; shape_divider_position=&#8221;bottom&#8221; bg_image_animation=&#8221;none&#8221;][vc_column column_padding=&#8221;no-extra-padding&#8221; column_padding_tablet=&#8221;inherit&#8221; column_padding_phone=&#8221;inherit&#8221; column_padding_position=&#8221;all&#8221; column_element_direction_desktop=&#8221;default&#8221; column_element_spacing=&#8221;default&#8221; desktop_text_alignment=&#8221;default&#8221; tablet_text_alignment=&#8221;default&#8221; phone_text_alignment=&#8221;default&#8221; background_color_opacity=&#8221;1&#8243; background_hover_color_opacity=&#8221;1&#8243; column_backdrop_filter=&#8221;none&#8221; column_shadow=&#8221;none&#8221;&#8230;<\/p>\n","protected":false},"author":1,"featured_media":0,"parent":0,"menu_order":0,"comment_status":"closed","ping_status":"closed","template":"","meta":{"footnotes":""},"class_list":["post-3716","page","type-page","status-publish"],"aioseo_notices":[],"_links":{"self":[{"href":"https:\/\/gorgeousturkeytours.com\/pt-pt\/wp-json\/wp\/v2\/pages\/3716","targetHints":{"allow":["GET"]}}],"collection":[{"href":"https:\/\/gorgeousturkeytours.com\/pt-pt\/wp-json\/wp\/v2\/pages"}],"about":[{"href":"https:\/\/gorgeousturkeytours.com\/pt-pt\/wp-json\/wp\/v2\/types\/page"}],"author":[{"embeddable":true,"href":"https:\/\/gorgeousturkeytours.com\/pt-pt\/wp-json\/wp\/v2\/users\/1"}],"replies":[{"embeddable":true,"href":"https:\/\/gorgeousturkeytours.com\/pt-pt\/wp-json\/wp\/v2\/comments?post=3716"}],"version-history":[{"count":8,"href":"https:\/\/gorgeousturkeytours.com\/pt-pt\/wp-json\/wp\/v2\/pages\/3716\/revisions"}],"predecessor-version":[{"id":7353,"href":"https:\/\/gorgeousturkeytours.com\/pt-pt\/wp-json\/wp\/v2\/pages\/3716\/revisions\/7353"}],"wp:attachment":[{"href":"https:\/\/gorgeousturkeytours.com\/pt-pt\/wp-json\/wp\/v2\/media?parent=3716"}],"curies":[{"name":"wp","href":"https:\/\/api.w.org\/{rel}","templated":true}]}}