{"id":3915,"date":"2023-08-03T08:42:25","date_gmt":"2023-08-03T08:42:25","guid":{"rendered":"https:\/\/gorgeousturkeytours.com\/tours\/5n-6-dias-istambul-e-capadocia\/"},"modified":"2025-04-24T13:01:17","modified_gmt":"2025-04-24T13:01:17","slug":"5n-6-dias-istambul-e-capadocia","status":"publish","type":"product","link":"https:\/\/gorgeousturkeytours.com\/pt-pt\/tours\/5n-6-dias-istambul-e-capadocia\/","title":{"rendered":"5N\/6 Dias: Istambul e Capad\u00f3cia"},"content":{"rendered":"[vc_row type=&#8221;full_width_background&#8221; full_screen_row_position=&#8221;middle&#8221; column_margin=&#8221;90px&#8221; equal_height=&#8221;yes&#8221; content_placement=&#8221;middle&#8221; column_direction=&#8221;default&#8221; column_direction_tablet=&#8221;default&#8221; column_direction_phone=&#8221;default&#8221; bg_color=&#8221;#ffffff&#8221; scene_position=&#8221;center&#8221; constrain_group_1=&#8221;yes&#8221; top_padding_tablet=&#8221;8%&#8221; bottom_padding_tablet=&#8221;8%&#8221; text_color=&#8221;dark&#8221; text_align=&#8221;left&#8221; row_border_radius=&#8221;none&#8221; row_border_radius_applies=&#8221;bg&#8221; overflow=&#8221;visible&#8221; id=&#8221;home&#8221; overlay_strength=&#8221;0.5&#8243; gradient_direction=&#8221;top_to_bottom&#8221; shape_divider_position=&#8221;bottom&#8221; bg_image_animation=&#8221;none&#8221; shape_type=&#8221;straight_section&#8221;][vc_column column_padding=&#8221;padding-2-percent&#8221; column_padding_tablet=&#8221;no-extra-padding&#8221; column_padding_phone=&#8221;no-extra-padding&#8221; column_padding_position=&#8221;right&#8221; column_element_direction_desktop=&#8221;default&#8221; column_element_spacing=&#8221;default&#8221; desktop_text_alignment=&#8221;default&#8221; tablet_text_alignment=&#8221;default&#8221; phone_text_alignment=&#8221;default&#8221; background_color_opacity=&#8221;1&#8243; background_hover_color_opacity=&#8221;1&#8243; column_backdrop_filter=&#8221;none&#8221; column_shadow=&#8221;none&#8221; column_border_radius=&#8221;none&#8221; column_link_target=&#8221;_self&#8221; column_position=&#8221;default&#8221; zindex=&#8221;100&#8243; gradient_direction=&#8221;left_t_to_right_b&#8221; overlay_strength=&#8221;0.3&#8243; width=&#8221;1\/1&#8243; tablet_width_inherit=&#8221;default&#8221; animation_type=&#8221;default&#8221; bg_image_animation=&#8221;none&#8221; border_type=&#8221;simple&#8221; column_border_width=&#8221;none&#8221; column_border_style=&#8221;solid&#8221; offset=&#8221;vc_col-xs-12&#8243;][vc_row_inner column_margin=&#8221;default&#8221; column_direction=&#8221;default&#8221; column_direction_tablet=&#8221;default&#8221; column_direction_phone=&#8221;default&#8221; text_align=&#8221;left&#8221; row_position=&#8221;default&#8221; row_position_tablet=&#8221;inherit&#8221; row_position_phone=&#8221;inherit&#8221; overflow=&#8221;visible&#8221; pointer_events=&#8221;all&#8221; min_width=&#8221;47vh&#8221;][vc_column_inner column_padding=&#8221;no-extra-padding&#8221; column_padding_tablet=&#8221;inherit&#8221; column_padding_phone=&#8221;inherit&#8221; column_padding_position=&#8221;all&#8221; column_element_direction_desktop=&#8221;default&#8221; column_element_spacing=&#8221;default&#8221; desktop_text_alignment=&#8221;default&#8221; tablet_text_alignment=&#8221;default&#8221; phone_text_alignment=&#8221;default&#8221; background_color_opacity=&#8221;1&#8243; background_hover_color_opacity=&#8221;1&#8243; column_backdrop_filter=&#8221;none&#8221; column_shadow=&#8221;none&#8221; column_border_radius=&#8221;none&#8221; column_link_target=&#8221;_self&#8221; overflow=&#8221;visible&#8221; gradient_direction=&#8221;left_to_right&#8221; overlay_strength=&#8221;0.3&#8243; width=&#8221;1\/1&#8243; tablet_width_inherit=&#8221;default&#8221; animation_type=&#8221;default&#8221; enable_animation=&#8221;true&#8221; animation=&#8221;fade-in-from-bottom&#8221; animation_easing=&#8221;default&#8221; bg_image_animation=&#8221;none&#8221; border_type=&#8221;simple&#8221; column_border_width=&#8221;none&#8221; column_border_style=&#8221;solid&#8221; enable_border_animation=&#8221;true&#8221;][vc_column_text css_animation=&#8221;none&#8221; css=&#8221;.vc_custom_1691052205351{margin-bottom: 20px !important;}&#8221;]\n<h2 class=\"header-a fn org\">5N\/6 Dias: Istambul e Capad\u00f3cia<\/h2>\n[\/vc_column_text][vc_custom_heading text=&#8221;Voe de Istambul para a Capad\u00f3cia e desfrute das maravilhas do bal\u00e3o de ar quente e descubra esta incr\u00edvel regi\u00e3o antes de retornar a Istambul para visitas guiadas pelo centro hist\u00f3rico.&#8221; font_container=&#8221;tag:p|font_size:20px|text_align:left|line_height:2em&#8221; use_theme_fonts=&#8221;yes&#8221; css_animation=&#8221;none&#8221;][vc_column_text css=&#8221;&#8221; text_direction=&#8221;default&#8221;]<strong>D\u00eda 1<\/strong> De acuerdo con su vuelo internacional, organizaremos otro boleto de avi\u00f3n a Capadocia (1 hora de vuelo)<br \/>\nRecogida en el aeropuerto de Capadocia y traslado al hotel cueva de Capadocia por 2 noches (Caverna Hotel Premium Caves o Elegance Cave Suite)<br \/>\n<strong>Dia 2<\/strong><br \/>\n05.00-08.00 Tour en globo (lo intentaremos la primera ma\u00f1ana porque el globo no vuela todas las ma\u00f1anas, por eso, en cualquier caso de cancelaci\u00f3n, tendr\u00e1 otra oportunidad de intentarlo al d\u00eda siguiente)<br \/>\nPaseo en globo al amanecer: 1 hora de vuelo con Sunrise<br \/>\nEsta es la mejor manera de comenzar un d\u00eda en Capadocia,<br \/>\nLa aventura comienza casi 1,5 horas antes del amanecer desde su hotel. Nuestras minivans de lujo lo recoger\u00e1n de su hotel y luego lo llevar\u00e1n a nuestra oficina para un desayuno ligero y registro.<br \/>\nDurante este tiempo, nuestros pilotos verificar\u00e1n las condiciones clim\u00e1ticas para el punto de despegue correcto. En lugar de partir todas las ma\u00f1anas desde el mismo punto, despegaremos de acuerdo con la direcci\u00f3n y la velocidad del viento para hacer el mejor vuelo. Despu\u00e9s de decidir el punto de despegue, ir\u00e1 all\u00ed en nuestras minivans y ver\u00e1 c\u00f3mo se prepara su globo.<br \/>\nEl vuelo ser\u00e1 de 1 hora.<br \/>\nY trataremos de mostrarte lo mejor posible los mejores lugares seg\u00fan las condiciones clim\u00e1ticas. Adem\u00e1s, si todas las condiciones clim\u00e1ticas est\u00e1n disponibles, tambi\u00e9n ver\u00e1s el amanecer y generalmente es posible.<br \/>\nEl vuelo terminar\u00e1 en una ubicaci\u00f3n diferente al punto de partida. Al final del aterrizaje, el remolque del globo y las minivans estar\u00e1n all\u00ed.<br \/>\nHaremos una celebraci\u00f3n tradicional con champ\u00e1n al final del vuelo y te daremos un certificado de asistente para recordarte esta aventura en el resto de tu vida. Luego, nuestras minivans de lujo lo llevar\u00e1n a sus hoteles.<br \/>\n09.30 recojo de su hotel para el tour Capadocia VERDE;<br \/>\nEl primer destino ser\u00e1 G\u00f6reme Panaroma donde podr\u00e1s tener una de las mejores vistas de la regi\u00f3n. En ese lugar, nuestros gu\u00edas le informar\u00e1n sobre la regi\u00f3n y el paisaje \u00fanico.<br \/>\nLuego visitar\u00e1 la ciudad subterr\u00e1nea de Derinkuyu, que es el asentamiento subterr\u00e1neo m\u00e1s grande y profundo hasta el momento. Tiene 8 niveles y est\u00e1 conectado con t\u00faneles estrechos. Visitar\u00e1 puestos, almacenes, iglesia, vi\u00f1edo, cocina y otras secciones que est\u00e1n abiertas para los visitantes. Mientras visita las secciones, nuestros gu\u00edas le brindar\u00e1n informaci\u00f3n sobre el uso de las mismas.<br \/>\nLuego visitar\u00e1 Selime Kathedral, que es el monasterio excavado en la roca m\u00e1s grande de la regi\u00f3n. Y el paisaje de la ciudad que contiene la Kathedral mantiene algunas similitudes con las pel\u00edculas de Star Wars.<br \/>\nA continuaci\u00f3n, almorzar\u00e1 en un restaurante local para disfrutar de algunos alimentos locales. Despu\u00e9s de almorzar, caminar\u00e1 junto al r\u00edo Melendiz en el Ca\u00f1\u00f3n de Ihlara. Totaly Canyon tiene 14 km, pero tendr\u00e1 la mejor parte, que son alrededor de 4 km y se tarda casi 1 hora. Ihlara Canyon contiene m\u00e1s de 100 iglesias y aproximadamente 10.000 cuevas que fueron talladas por los primeros monjes cristianos.<br \/>\nluego tendr\u00e1 Pigeon Valley, que se encuentra en la ciudad de U\u00e7hisar para tener una de las mejores vistas panor\u00e1micas de la regi\u00f3n. Ese sitio tambi\u00e9n cubre muchos palomares que fueron construidos por los antiguos habitantes de la regi\u00f3n.<br \/>\nRegresar\u00e1s al hotel alrededor de las 18:00.<br \/>\n<strong>Dia3<\/strong><br \/>\n09.30 recojo de su hotel para otro tour de Capadocia que es el tour rojo;<br \/>\nLa primera parada es el CASTILLO DE U\u00c7H\u0130SAR, que es la formaci\u00f3n rocosa m\u00e1s alta de la regi\u00f3n. En el primer destino, su gu\u00eda tur\u00edstico le informar\u00e1 sobre las formaciones \u00fanicas de Capadocia y, despu\u00e9s de recibir la informaci\u00f3n, tendr\u00e1 tiempo libre para explorar ese lugar por su cuenta.<br \/>\nEl siguiente destino es el MUSEO AL AIRE LIBRE DE G\u00d6REME, donde se pueden ver iglesias excavadas en la roca talladas por los primeros monjes cristianos. Y las Iglesias de Capadocia tambi\u00e9n son \u00fanicas por la t\u00e9cnica con la que los cristianos pintaron las paredes. Se conocen como frescos, que en su mayor\u00eda son de los siglos X y XI. Nuestros gu\u00edas le dar\u00e1n informaci\u00f3n sobre la cristiandad y la vida mon\u00e1stica de Capadocia<br \/>\nDespu\u00e9s de visitar el Museo al aire libre, la pr\u00f3xima parada ser\u00e1 \u00c7avu\u015fin, que es el antiguo pueblo griego para ver las antiguas casas griegas que fueron abandonadas despu\u00e9s del intercambio de poblaci\u00f3n en 1924. Y luego tendr\u00e1<br \/>\nAlmuerzo en la ciudad de Avanos. Avanos se encuentra a orillas del r\u00edo Rojo (K\u0131z\u0131l\u0131rmak), que es el r\u00edo m\u00e1s largo de Turqu\u00eda. Y es famoso por las obras de alfarer\u00eda que comenzaron alrededor del segundo milenio antes de Cristo por los hititas. Tendr\u00e1 un recorrido por el pueblo y luego visitar\u00e1 el taller de cer\u00e1mica para informarse sobre el trabajo de arcilla roja y cer\u00e1mica. Incluso uno de los maestros te demostrar\u00e1 c\u00f3mo est\u00e1n haciendo las ollas con la t\u00e9cnica antigua a mano alzada.<br \/>\nLuego visitar\u00e1 Pa\u015faba\u011f\u0131, donde se pueden ver espectaculares formaciones rocosas en forma de hongo. Pa\u015faba\u011f\u0131 tambi\u00e9n se llama Valle de los Monjes debido a la Capilla de San Sime\u00f3n que se encuentra en el valle.<br \/>\nLa siguiente parada es Devrent Valley, tambi\u00e9n conocido como \u0130magination Valley. El valle contiene muchas rocas con forma de animales que son en su mayor\u00eda de color rojo. Algunas de las formas m\u00e1s frecuentes son; un camello, un lagarto, un b\u00faho, una serpiente, un pollo, una mano, un ping\u00fcino, pero pueden ser cambiados por su propia imaginaci\u00f3n.<br \/>\nEl recorrido finalizar\u00e1 alrededor de las 16:00 y luego lo llevaremos al aeropuerto para tomar el vuelo de regreso a Estambul.<br \/>\nCuando llegue al aeropuerto de Estambul, lo llevaremos al hotel por 3 noches. (Puedes elegir; Hotel Nena o Hotel Rast)<br \/>\n<strong>Dia 4<\/strong><br \/>\n08.00-16.00 Tour por la ciudad vieja de Estambul, recogida en el hotel 08.00<br \/>\nTe llevaremos a estos lugares;<br \/>\nSanta sofia<br \/>\n15 siglos de arte e historia de este edificio que se encuentra entre las obras maestras de la arquitectura mundial y ha sido un s\u00edmbolo de la arquitectura bizantina con una gran c\u00fapula. Esta catedral fue utilizada como mezquita durante el per\u00edodo de los otomanos y ahora sirve como museo. Esa es tambi\u00e9n la catedral m\u00e1s antigua del mundo.<br \/>\nHip\u00f3dromo bizantino:<br \/>\nPrimero el Imperio Romano y luego el Imperio Bizantino fue utilizado hasta el siglo 10 como centro deportivo, hip\u00f3dromo de reuni\u00f3n, entretenimiento y diversi\u00f3n.<br \/>\nMezquita Azul:<br \/>\nLa Mezquita del Sult\u00e1n Ahmed, el aspecto arquitect\u00f3nico y art\u00edstico es muy diferente e importante. Las obras de arte se han utilizado en m\u00e1s de 20.000 azulejos de Iznik. Los azulejos de motivos florales tradicionales en tonos amarillos y azules, la estructura ha ido m\u00e1s all\u00e1 de ser solo un lugar de culto. El culto de la mezquita tiene un tama\u00f1o de 64 x 72 metros. El di\u00e1metro de la c\u00fapula central de 43 metros de altura es de 23,5 metros. El interior de la mezquita est\u00e1 iluminado con m\u00e1s de 200 cristales de colores.<br \/>\nGran Bazar:<br \/>\nEste es el bazar m\u00e1s grande y antiguo del mundo e incluye; Calle 66, puerta de entrada 24, mezquita 5 y m\u00e1s de 4000 tiendas como una rica colecci\u00f3n de alfombras hechas a mano, joyer\u00eda, cuero y recuerdos.<br \/>\nPalacio de Topkapi:<br \/>\n600 a\u00f1os del Imperio Otomano, el palacio fue utilizado como centro administrativo de gobierno durante 400 a\u00f1os. Es el palacio de los sultanes otomanos vivido al mismo tiempo.<br \/>\n<strong>Dia 5<\/strong><br \/>\n08.00-13.00 Tour de medio d\u00eda por el B\u00f3sforo, recogida en el hotel 08.00<br \/>\nAqu\u00ed est\u00e1 el Programa;<br \/>\nMurallas de la ciudad:<br \/>\nestas murallas est\u00e1n hechas de la \u00e9poca del Imperio de Oriente. La longitud del muro es de 22 km.<br \/>\nCuerno de Oro:<br \/>\nDistingue los continentes europeo y asi\u00e1tico. La longitud total es de 8 km. Este puerto ha jugado un papel importante en el desarrollo de Estambul porque es natural y muy seguro. Tambi\u00e9n la colonizaci\u00f3n comenz\u00f3 aqu\u00ed en el per\u00edodo bizantino.<br \/>\nBazar de las Especias:<br \/>\nOtro nombre es bazar egipcio. Es el bazar de especias m\u00e1s grande del mundo. El aire es todo olores con principalmente canela, comino, azafr\u00e1n, menta, tomillo. Tambi\u00e9n durante el viaje ver\u00e1 los palacios de Dolmabah\u00e7e y Beylerbeyi, las villas de madera y la fortaleza de Rumeli desde el crucero.<br \/>\nQue el resto del d\u00eda ser\u00e1 libre.<br \/>\n<strong>D\u00eda 6<\/strong><br \/>\nDe acuerdo a su vuelo internacional, tiempo libre y traslado al aeropuerto.[\/vc_column_text][\/vc_column_inner][\/vc_row_inner][\/vc_column][\/vc_row][vc_row type=&#8221;full_width_background&#8221; full_screen_row_position=&#8221;middle&#8221; column_margin=&#8221;90px&#8221; equal_height=&#8221;yes&#8221; content_placement=&#8221;middle&#8221; column_direction=&#8221;default&#8221; column_direction_tablet=&#8221;default&#8221; column_direction_phone=&#8221;default&#8221; bg_color=&#8221;#ffffff&#8221; scene_position=&#8221;center&#8221; constrain_group_1=&#8221;yes&#8221; top_padding_tablet=&#8221;8%&#8221; bottom_padding_tablet=&#8221;8%&#8221; text_color=&#8221;dark&#8221; text_align=&#8221;left&#8221; row_border_radius=&#8221;none&#8221; row_border_radius_applies=&#8221;bg&#8221; overflow=&#8221;visible&#8221; overlay_strength=&#8221;0.5&#8243; gradient_direction=&#8221;top_to_bottom&#8221; shape_divider_position=&#8221;bottom&#8221; bg_image_animation=&#8221;none&#8221; shape_type=&#8221;straight_section&#8221; gradient_type=&#8221;default&#8221;][vc_column column_padding=&#8221;padding-2-percent&#8221; column_padding_tablet=&#8221;no-extra-padding&#8221; column_padding_phone=&#8221;no-extra-padding&#8221; column_padding_position=&#8221;right&#8221; column_element_direction_desktop=&#8221;default&#8221; column_element_spacing=&#8221;default&#8221; desktop_text_alignment=&#8221;default&#8221; tablet_text_alignment=&#8221;default&#8221; phone_text_alignment=&#8221;default&#8221; background_color_opacity=&#8221;1&#8243; background_hover_color_opacity=&#8221;1&#8243; column_backdrop_filter=&#8221;none&#8221; column_shadow=&#8221;none&#8221; column_border_radius=&#8221;none&#8221; column_link_target=&#8221;_self&#8221; column_position=&#8221;default&#8221; zindex=&#8221;100&#8243; gradient_direction=&#8221;left_t_to_right_b&#8221; overlay_strength=&#8221;0.3&#8243; width=&#8221;1\/1&#8243; tablet_width_inherit=&#8221;default&#8221; animation_type=&#8221;default&#8221; bg_image_animation=&#8221;none&#8221; border_type=&#8221;simple&#8221; column_border_width=&#8221;none&#8221; column_border_style=&#8221;solid&#8221; offset=&#8221;vc_col-xs-12&#8243;][vc_row_inner column_margin=&#8221;70px&#8221; column_direction=&#8221;default&#8221; column_direction_tablet=&#8221;default&#8221; column_direction_phone=&#8221;default&#8221; top_padding=&#8221;25&#8243; bottom_padding=&#8221;15&#8243; text_align=&#8221;left&#8221; row_position=&#8221;default&#8221; row_position_tablet=&#8221;inherit&#8221; row_position_phone=&#8221;inherit&#8221; overflow=&#8221;visible&#8221; pointer_events=&#8221;all&#8221;][vc_column_inner column_padding=&#8221;no-extra-padding&#8221; column_padding_tablet=&#8221;inherit&#8221; column_padding_phone=&#8221;inherit&#8221; column_padding_position=&#8221;all&#8221; column_element_direction_desktop=&#8221;default&#8221; column_element_spacing=&#8221;default&#8221; desktop_text_alignment=&#8221;default&#8221; tablet_text_alignment=&#8221;default&#8221; phone_text_alignment=&#8221;default&#8221; background_color_opacity=&#8221;1&#8243; background_hover_color_opacity=&#8221;1&#8243; column_backdrop_filter=&#8221;none&#8221; column_shadow=&#8221;none&#8221; column_border_radius=&#8221;none&#8221; column_link_target=&#8221;_self&#8221; overflow=&#8221;visible&#8221; gradient_direction=&#8221;left_to_right&#8221; overlay_strength=&#8221;0.3&#8243; width=&#8221;1\/3&#8243; tablet_width_inherit=&#8221;small_desktop&#8221; animation_type=&#8221;default&#8221; enable_animation=&#8221;true&#8221; animation=&#8221;fade-in-from-bottom&#8221; animation_easing=&#8221;default&#8221; bg_image_animation=&#8221;none&#8221; border_type=&#8221;simple&#8221; column_border_width=&#8221;none&#8221; column_border_style=&#8221;solid&#8221;][vc_column_text css_animation=&#8221;none&#8221; css=&#8221;.vc_custom_1689773585088{margin-bottom: 10px !important;}&#8221;]\n<h4>Inclusiones<\/h4>\n[\/vc_column_text][vc_column_text css=&#8221;&#8221; text_direction=&#8221;default&#8221;]<strong>Incluindo; <\/strong><\/p>\n<ul>\n<li>passagens a\u00e9reas dom\u00e9sticas<\/li>\n<li>Reservas de hotel com caf\u00e9 da manh\u00e3<\/li>\n<li>Todos os transfers do aeroporto<\/li>\n<li>Passeios de dia inteiro com almo\u00e7o, ingressos e guia profissional em portugues<\/li>\n<li>\u00a0Passeio de bal\u00e3o na Capad\u00f3cia<\/li>\n<\/ul>\n<p><strong>Excluindo;<\/strong><\/p>\n<ul>\n<li>Jantar<\/li>\n<li>compras especiais<\/li>\n<\/ul>\n[\/vc_column_text][\/vc_column_inner][vc_column_inner column_padding=&#8221;no-extra-padding&#8221; column_padding_tablet=&#8221;inherit&#8221; column_padding_phone=&#8221;inherit&#8221; column_padding_position=&#8221;all&#8221; column_element_direction_desktop=&#8221;default&#8221; column_element_spacing=&#8221;default&#8221; desktop_text_alignment=&#8221;default&#8221; tablet_text_alignment=&#8221;default&#8221; phone_text_alignment=&#8221;default&#8221; background_color_opacity=&#8221;1&#8243; background_hover_color_opacity=&#8221;1&#8243; column_backdrop_filter=&#8221;none&#8221; column_shadow=&#8221;none&#8221; column_border_radius=&#8221;none&#8221; column_link_target=&#8221;_self&#8221; overflow=&#8221;visible&#8221; gradient_direction=&#8221;left_to_right&#8221; overlay_strength=&#8221;0.3&#8243; width=&#8221;1\/3&#8243; tablet_width_inherit=&#8221;small_desktop&#8221; animation_type=&#8221;default&#8221; enable_animation=&#8221;true&#8221; animation=&#8221;fade-in-from-bottom&#8221; animation_easing=&#8221;default&#8221; bg_image_animation=&#8221;none&#8221; border_type=&#8221;simple&#8221; column_border_width=&#8221;none&#8221; column_border_style=&#8221;solid&#8221;][vc_column_text css_animation=&#8221;none&#8221; css=&#8221;.vc_custom_1745497810360{margin-bottom: 10px !important;}&#8221; text_direction=&#8221;default&#8221;]\n<h4><strong>Notas:<\/strong><\/h4>\n<ul>\n<li>Os pre\u00e7os podem variar consoante o pre\u00e7o da passagem a\u00e9rea dom\u00e9stica e do alojamento. Para isso, entre em contacto connosco. Al\u00e9m disso, os pre\u00e7os s\u00e3o para um m\u00ednimo de 2 pessoas. Para uma \u00fanica pessoa, por favor contacte-nos.<\/li>\n<li>Outros descontos ser\u00e3o dados para grupos de 4 ou mais &#8211; por favor, pergunte para mais informa\u00e7\u00f5es.<\/li>\n<li>Se voc\u00ea deseja atualizar seu voo de bal\u00e3o para um voo confort\u00e1vel, por favor, pergunte para mais informa\u00e7\u00f5es<\/li>\n<\/ul>\n<p>Para reservar este pacote, forne\u00e7a o seguinte:<\/p>\n<ul>\n<li>\u00a0Seus n\u00fameros de voo de chegada e partida, data e hora previstas de chegada e partida<\/li>\n<li>N\u00famero de pessoas em seu grupo (e idades de todas as crian\u00e7as)<\/li>\n<li>Sua prefer\u00eancia para qual passeio voc\u00ea escolhe<\/li>\n<li>Todos os detalhes do passaporte para todos, esta informa\u00e7\u00e3o \u00e9 necess\u00e1ria para o voo de bal\u00e3o<\/li>\n<\/ul>\n[\/vc_column_text][\/vc_column_inner][vc_column_inner column_padding=&#8221;no-extra-padding&#8221; column_padding_tablet=&#8221;inherit&#8221; column_padding_phone=&#8221;inherit&#8221; column_padding_position=&#8221;all&#8221; column_element_direction_desktop=&#8221;default&#8221; column_element_spacing=&#8221;default&#8221; desktop_text_alignment=&#8221;default&#8221; tablet_text_alignment=&#8221;default&#8221; phone_text_alignment=&#8221;default&#8221; background_color_opacity=&#8221;1&#8243; background_hover_color_opacity=&#8221;1&#8243; column_backdrop_filter=&#8221;none&#8221; column_shadow=&#8221;none&#8221; column_border_radius=&#8221;none&#8221; column_link_target=&#8221;_self&#8221; overflow=&#8221;visible&#8221; gradient_direction=&#8221;left_to_right&#8221; overlay_strength=&#8221;0.3&#8243; width=&#8221;1\/3&#8243; tablet_width_inherit=&#8221;default&#8221; animation_type=&#8221;default&#8221; enable_animation=&#8221;true&#8221; animation=&#8221;fade-in-from-bottom&#8221; animation_easing=&#8221;default&#8221; bg_image_animation=&#8221;none&#8221; border_type=&#8221;simple&#8221; column_border_width=&#8221;none&#8221; column_border_style=&#8221;solid&#8221; column_padding_type=&#8221;default&#8221; gradient_type=&#8221;default&#8221;][vc_column_text css_animation=&#8221;none&#8221; css=&#8221;.vc_custom_1689772799372{margin-bottom: 10px !important;}&#8221;]\n<h4>Cancelamentos:<\/h4>\n[\/vc_column_text][vc_column_text]\n<ul>\n<li>Cancelamentos feitos mais de 48 horas antes do hor\u00e1rio programado de chegada n\u00e3o ser\u00e3o cobrados.<\/li>\n<li>\u00a0Cancelamentos feitos entre 24-48 horas antes do hor\u00e1rio programado de chegada ser\u00e3o cobrados 50% do valor devido.<\/li>\n<li>N\u00e3o comparecimento e cancelamentos feitos dentro de 24 horas antes do hor\u00e1rio agendado de chegada ser\u00e3o cobrados 100% do valor devido.<\/li>\n<\/ul>\n[\/vc_column_text][\/vc_column_inner][\/vc_row_inner][vc_row_inner column_margin=&#8221;default&#8221; column_direction=&#8221;default&#8221; column_direction_tablet=&#8221;default&#8221; column_direction_phone=&#8221;default&#8221; bottom_padding=&#8221;0px&#8221; bottom_padding_tablet=&#8221;40px&#8221; bottom_padding_phone=&#8221;40px&#8221; text_align=&#8221;left&#8221; row_position=&#8221;default&#8221; row_position_tablet=&#8221;inherit&#8221; row_position_phone=&#8221;inherit&#8221; overflow=&#8221;visible&#8221; pointer_events=&#8221;all&#8221;][vc_column_inner column_padding=&#8221;no-extra-padding&#8221; column_padding_tablet=&#8221;inherit&#8221; column_padding_phone=&#8221;inherit&#8221; column_padding_position=&#8221;all&#8221; column_element_direction_desktop=&#8221;default&#8221; column_element_spacing=&#8221;default&#8221; desktop_text_alignment=&#8221;default&#8221; tablet_text_alignment=&#8221;default&#8221; phone_text_alignment=&#8221;default&#8221; background_color_opacity=&#8221;1&#8243; background_hover_color_opacity=&#8221;1&#8243; column_backdrop_filter=&#8221;none&#8221; column_shadow=&#8221;none&#8221; column_border_radius=&#8221;none&#8221; column_link_target=&#8221;_self&#8221; overflow=&#8221;visible&#8221; gradient_direction=&#8221;left_to_right&#8221; overlay_strength=&#8221;0.3&#8243; width=&#8221;1\/1&#8243; tablet_width_inherit=&#8221;default&#8221; animation_type=&#8221;default&#8221; enable_animation=&#8221;true&#8221; animation=&#8221;fade-in-from-bottom&#8221; animation_easing=&#8221;default&#8221; bg_image_animation=&#8221;none&#8221; border_type=&#8221;simple&#8221; column_border_width=&#8221;none&#8221; column_border_style=&#8221;solid&#8221;][nectar_cta btn_style=&#8221;arrow-animation&#8221; heading_tag=&#8221;h6&#8243; button_color=&#8221;accent-color&#8221; text_color=&#8221;#ffffff&#8221; button_border_thickness=&#8221;0px&#8221; link_type=&#8221;regular&#8221; alignment=&#8221;left&#8221; alignment_tablet=&#8221;default&#8221; alignment_phone=&#8221;default&#8221; display=&#8221;block&#8221; display_tablet=&#8221;inherit&#8221; display_phone=&#8221;inherit&#8221; link_text=&#8221;Reserve agora&#8221; padding_top=&#8221;15&#8243; padding_right=&#8221;35&#8243; padding_bottom=&#8221;15&#8243; padding_left=&#8221;35&#8243; url=&#8221;#&#8221;][\/vc_column_inner][\/vc_row_inner][\/vc_column][\/vc_row]\n","protected":false},"excerpt":{"rendered":"<p>Voe de Istambul para a Capad\u00f3cia e desfrute das maravilhas do bal\u00e3o de ar quente e descubra esta incr\u00edvel regi\u00e3o antes de retornar a Istambul para visitas guiadas pelo centro hist\u00f3rico.<\/p>\n","protected":false},"featured_media":3916,"template":"","meta":[],"product_brand":[],"product_cat":[206],"product_tag":[],"class_list":{"0":"post-3915","1":"product","2":"type-product","3":"status-publish","4":"has-post-thumbnail","6":"product_cat-pacotes-completos-dd-turquia","8":"first","9":"instock","10":"shipping-taxable","11":"purchasable","12":"product-type-simple"},"aioseo_notices":[],"_links":{"self":[{"href":"https:\/\/gorgeousturkeytours.com\/pt-pt\/wp-json\/wp\/v2\/product\/3915","targetHints":{"allow":["GET"]}}],"collection":[{"href":"https:\/\/gorgeousturkeytours.com\/pt-pt\/wp-json\/wp\/v2\/product"}],"about":[{"href":"https:\/\/gorgeousturkeytours.com\/pt-pt\/wp-json\/wp\/v2\/types\/product"}],"wp:featuredmedia":[{"embeddable":true,"href":"https:\/\/gorgeousturkeytours.com\/pt-pt\/wp-json\/wp\/v2\/media\/3916"}],"wp:attachment":[{"href":"https:\/\/gorgeousturkeytours.com\/pt-pt\/wp-json\/wp\/v2\/media?parent=3915"}],"wp:term":[{"taxonomy":"product_brand","embeddable":true,"href":"https:\/\/gorgeousturkeytours.com\/pt-pt\/wp-json\/wp\/v2\/product_brand?post=3915"},{"taxonomy":"product_cat","embeddable":true,"href":"https:\/\/gorgeousturkeytours.com\/pt-pt\/wp-json\/wp\/v2\/product_cat?post=3915"},{"taxonomy":"product_tag","embeddable":true,"href":"https:\/\/gorgeousturkeytours.com\/pt-pt\/wp-json\/wp\/v2\/product_tag?post=3915"}],"curies":[{"name":"wp","href":"https:\/\/api.w.org\/{rel}","templated":true}]}}