{"id":4099,"date":"2023-07-25T09:12:36","date_gmt":"2023-07-25T09:12:36","guid":{"rendered":"https:\/\/gorgeousturkeytours.com\/tours\/voo-de-balao-em-pamukkale\/"},"modified":"2025-03-05T05:00:51","modified_gmt":"2025-03-05T05:00:51","slug":"voo-de-balao-em-pamukkale","status":"publish","type":"product","link":"https:\/\/gorgeousturkeytours.com\/pt-pt\/tours\/voo-de-balao-em-pamukkale\/","title":{"rendered":"Voo De Balao em Pamukkale"},"content":{"rendered":"[vc_row type=&#8221;full_width_background&#8221; full_screen_row_position=&#8221;middle&#8221; column_margin=&#8221;90px&#8221; equal_height=&#8221;yes&#8221; content_placement=&#8221;middle&#8221; column_direction=&#8221;default&#8221; column_direction_tablet=&#8221;default&#8221; column_direction_phone=&#8221;default&#8221; bg_color=&#8221;#ffffff&#8221; scene_position=&#8221;center&#8221; constrain_group_1=&#8221;yes&#8221; top_padding_tablet=&#8221;8%&#8221; bottom_padding_tablet=&#8221;8%&#8221; text_color=&#8221;dark&#8221; text_align=&#8221;left&#8221; row_border_radius=&#8221;none&#8221; row_border_radius_applies=&#8221;bg&#8221; overflow=&#8221;visible&#8221; id=&#8221;home&#8221; overlay_strength=&#8221;0.5&#8243; gradient_direction=&#8221;top_to_bottom&#8221; shape_divider_position=&#8221;bottom&#8221; bg_image_animation=&#8221;none&#8221; shape_type=&#8221;straight_section&#8221;][vc_column column_padding=&#8221;padding-2-percent&#8221; column_padding_tablet=&#8221;no-extra-padding&#8221; column_padding_phone=&#8221;no-extra-padding&#8221; column_padding_position=&#8221;right&#8221; column_element_direction_desktop=&#8221;default&#8221; column_element_spacing=&#8221;default&#8221; desktop_text_alignment=&#8221;default&#8221; tablet_text_alignment=&#8221;default&#8221; phone_text_alignment=&#8221;default&#8221; background_color_opacity=&#8221;1&#8243; background_hover_color_opacity=&#8221;1&#8243; column_backdrop_filter=&#8221;none&#8221; column_shadow=&#8221;none&#8221; column_border_radius=&#8221;none&#8221; column_link_target=&#8221;_self&#8221; column_position=&#8221;default&#8221; zindex=&#8221;100&#8243; gradient_direction=&#8221;left_t_to_right_b&#8221; overlay_strength=&#8221;0.3&#8243; width=&#8221;3\/5&#8243; tablet_width_inherit=&#8221;default&#8221; animation_type=&#8221;default&#8221; bg_image_animation=&#8221;none&#8221; border_type=&#8221;simple&#8221; column_border_width=&#8221;none&#8221; column_border_style=&#8221;solid&#8221; offset=&#8221;vc_col-xs-12&#8243;][vc_row_inner column_margin=&#8221;default&#8221; column_direction=&#8221;default&#8221; column_direction_tablet=&#8221;default&#8221; column_direction_phone=&#8221;default&#8221; text_align=&#8221;left&#8221; row_position=&#8221;default&#8221; row_position_tablet=&#8221;inherit&#8221; row_position_phone=&#8221;inherit&#8221; overflow=&#8221;visible&#8221; pointer_events=&#8221;all&#8221; min_width=&#8221;47vh&#8221;][vc_column_inner column_padding=&#8221;no-extra-padding&#8221; column_padding_tablet=&#8221;inherit&#8221; column_padding_phone=&#8221;inherit&#8221; column_padding_position=&#8221;all&#8221; column_element_direction_desktop=&#8221;default&#8221; column_element_spacing=&#8221;default&#8221; desktop_text_alignment=&#8221;default&#8221; tablet_text_alignment=&#8221;default&#8221; phone_text_alignment=&#8221;default&#8221; background_color_opacity=&#8221;1&#8243; background_hover_color_opacity=&#8221;1&#8243; column_backdrop_filter=&#8221;none&#8221; column_shadow=&#8221;none&#8221; column_border_radius=&#8221;none&#8221; column_link_target=&#8221;_self&#8221; overflow=&#8221;visible&#8221; gradient_direction=&#8221;left_to_right&#8221; overlay_strength=&#8221;0.3&#8243; width=&#8221;1\/1&#8243; tablet_width_inherit=&#8221;default&#8221; animation_type=&#8221;default&#8221; enable_animation=&#8221;true&#8221; animation=&#8221;fade-in-from-bottom&#8221; animation_easing=&#8221;default&#8221; bg_image_animation=&#8221;none&#8221; border_type=&#8221;simple&#8221; column_border_width=&#8221;none&#8221; column_border_style=&#8221;solid&#8221; enable_border_animation=&#8221;true&#8221;][vc_column_text css_animation=&#8221;none&#8221; css=&#8221;.vc_custom_1690276453211{margin-bottom: 20px !important;}&#8221;]\n<h2>Voo De Balao em Pamukkale<\/h2>\n[\/vc_column_text][vc_custom_heading text=&#8221;Passeio de bal\u00e3o \u2013 Entre 40-45 minutos de voo com o nascer do sol Esta \u00e9 a melhor maneira de come\u00e7ar um dia em Pamukkale,&#8221; font_container=&#8221;tag:p|font_size:20px|text_align:left|line_height:2em&#8221; use_theme_fonts=&#8221;yes&#8221; css_animation=&#8221;none&#8221; css=&#8221;&#8221;][vc_column_text css=&#8221;&#8221; text_direction=&#8221;default&#8221;]A aventura come\u00e7a antes do nascer do sol do seu hotel. Nossas minivans de luxo ir\u00e3o busc\u00e1-lo em seu hotel e lev\u00e1-lo ao nosso escrit\u00f3rio. Durante esse per\u00edodo, nossos pilotos verificar\u00e3o as condi\u00e7\u00f5es meteorol\u00f3gicas para o ponto de decolagem correto. Em vez de partir todas as manh\u00e3s do mesmo ponto, decolaremos de acordo com a dire\u00e7\u00e3o e velocidade do vento para fazer o melhor voo. Ap\u00f3s a decis\u00e3o do ponto de decolagem, voc\u00ea ir\u00e1 at\u00e9 l\u00e1 em nossas minivans e assistir\u00e1 \u00e0 prepara\u00e7\u00e3o do seu bal\u00e3o.<br \/>\nO v\u00f4o ser\u00e1 entre 40 e 45 minutos e tentaremos mostrar a voc\u00ea os melhores lugares de acordo com as condi\u00e7\u00f5es clim\u00e1ticas. Al\u00e9m disso, se todas as condi\u00e7\u00f5es meteorol\u00f3gicas estiverem dispon\u00edveis, voc\u00ea tamb\u00e9m assistir\u00e1 ao nascer do sol e geralmente \u00e9 poss\u00edvel.<br \/>\nO voo terminar\u00e1 em um local diferente do ponto de partida. Fim do bal\u00e3o de pouso e minivans estar\u00e3o l\u00e1. Faremos uma celebra\u00e7\u00e3o tradicional com champanhe no final do voo e daremos a voc\u00ea um certificado de comparecimento para lembr\u00e1-lo desta aventura no resto da vida. Ent\u00e3o nossas minivans de luxo o levar\u00e3o aos seus hot\u00e9is.[\/vc_column_text][\/vc_column_inner][\/vc_row_inner][\/vc_column][vc_column column_padding=&#8221;no-extra-padding&#8221; column_padding_tablet=&#8221;inherit&#8221; column_padding_phone=&#8221;inherit&#8221; column_padding_position=&#8221;all&#8221; column_element_direction_desktop=&#8221;default&#8221; column_element_spacing=&#8221;default&#8221; desktop_text_alignment=&#8221;default&#8221; tablet_text_alignment=&#8221;default&#8221; phone_text_alignment=&#8221;default&#8221; background_color_opacity=&#8221;1&#8243; background_hover_color_opacity=&#8221;1&#8243; column_backdrop_filter=&#8221;none&#8221; column_shadow=&#8221;none&#8221; column_border_radius=&#8221;none&#8221; column_link_target=&#8221;_self&#8221; column_position=&#8221;default&#8221; gradient_direction=&#8221;left_to_right&#8221; overlay_strength=&#8221;0.5&#8243; width=&#8221;2\/5&#8243; tablet_width_inherit=&#8221;default&#8221; animation_type=&#8221;default&#8221; bg_image_animation=&#8221;none&#8221; border_type=&#8221;simple&#8221; column_border_width=&#8221;none&#8221; column_border_style=&#8221;solid&#8221; offset=&#8221;vc_col-xs-12&#8243;][vc_row_inner column_margin=&#8221;default&#8221; column_direction=&#8221;default&#8221; column_direction_tablet=&#8221;default&#8221; column_direction_phone=&#8221;default&#8221; text_align=&#8221;left&#8221; row_position=&#8221;default&#8221; row_position_tablet=&#8221;inherit&#8221; row_position_phone=&#8221;inherit&#8221; min_width_desktop=&#8221;43vw&#8221; min_width_tablet=&#8221;50vw&#8221; min_width_phone=&#8221;50vw&#8221; overflow=&#8221;visible&#8221; pointer_events=&#8221;all&#8221;][vc_column_inner column_padding=&#8221;no-extra-padding&#8221; column_padding_tablet=&#8221;inherit&#8221; column_padding_phone=&#8221;inherit&#8221; column_padding_position=&#8221;all&#8221; column_element_direction_desktop=&#8221;default&#8221; column_element_spacing=&#8221;default&#8221; desktop_text_alignment=&#8221;default&#8221; tablet_text_alignment=&#8221;default&#8221; phone_text_alignment=&#8221;default&#8221; background_color_opacity=&#8221;1&#8243; background_hover_color_opacity=&#8221;1&#8243; background_image=&#8221;2314&#8243; background_image_position=&#8221;center center&#8221; background_image_stacking=&#8221;default&#8221; enable_bg_scale=&#8221;true&#8221; background_image_loading=&#8221;default&#8221; column_backdrop_filter=&#8221;none&#8221; column_shadow=&#8221;none&#8221; column_border_radius=&#8221;none&#8221; column_link_target=&#8221;_self&#8221; overflow=&#8221;visible&#8221; gradient_direction=&#8221;left_to_right&#8221; overlay_strength=&#8221;0.5&#8243; width=&#8221;1\/1&#8243; tablet_width_inherit=&#8221;default&#8221; animation_type=&#8221;default&#8221; bg_image_animation=&#8221;ro-reveal-from-right&#8221; border_type=&#8221;simple&#8221; column_border_width=&#8221;none&#8221; column_border_style=&#8221;solid&#8221; column_padding_type=&#8221;default&#8221; gradient_type=&#8221;default&#8221;][divider line_type=&#8221;No Line&#8221; custom_height=&#8221;80vh&#8221; custom_height_tablet=&#8221;40vh&#8221; custom_height_phone=&#8221;300px&#8221;][\/vc_column_inner][\/vc_row_inner][\/vc_column][\/vc_row][vc_row type=&#8221;full_width_background&#8221; full_screen_row_position=&#8221;middle&#8221; column_margin=&#8221;90px&#8221; equal_height=&#8221;yes&#8221; content_placement=&#8221;middle&#8221; column_direction=&#8221;default&#8221; column_direction_tablet=&#8221;default&#8221; column_direction_phone=&#8221;default&#8221; bg_color=&#8221;#ffffff&#8221; scene_position=&#8221;center&#8221; constrain_group_1=&#8221;yes&#8221; top_padding_tablet=&#8221;8%&#8221; bottom_padding_tablet=&#8221;8%&#8221; text_color=&#8221;dark&#8221; text_align=&#8221;left&#8221; row_border_radius=&#8221;none&#8221; row_border_radius_applies=&#8221;bg&#8221; overflow=&#8221;visible&#8221; overlay_strength=&#8221;0.5&#8243; gradient_direction=&#8221;top_to_bottom&#8221; shape_divider_position=&#8221;bottom&#8221; bg_image_animation=&#8221;none&#8221; shape_type=&#8221;straight_section&#8221; gradient_type=&#8221;default&#8221;][vc_column column_padding=&#8221;padding-2-percent&#8221; column_padding_tablet=&#8221;no-extra-padding&#8221; column_padding_phone=&#8221;no-extra-padding&#8221; column_padding_position=&#8221;right&#8221; column_element_direction_desktop=&#8221;default&#8221; column_element_spacing=&#8221;default&#8221; desktop_text_alignment=&#8221;default&#8221; tablet_text_alignment=&#8221;default&#8221; phone_text_alignment=&#8221;default&#8221; background_color_opacity=&#8221;1&#8243; background_hover_color_opacity=&#8221;1&#8243; column_backdrop_filter=&#8221;none&#8221; column_shadow=&#8221;none&#8221; column_border_radius=&#8221;none&#8221; column_link_target=&#8221;_self&#8221; column_position=&#8221;default&#8221; zindex=&#8221;100&#8243; gradient_direction=&#8221;left_t_to_right_b&#8221; overlay_strength=&#8221;0.3&#8243; width=&#8221;1\/1&#8243; tablet_width_inherit=&#8221;default&#8221; animation_type=&#8221;default&#8221; bg_image_animation=&#8221;none&#8221; border_type=&#8221;simple&#8221; column_border_width=&#8221;none&#8221; column_border_style=&#8221;solid&#8221; offset=&#8221;vc_col-xs-12&#8243;][vc_row_inner column_margin=&#8221;70px&#8221; column_direction=&#8221;default&#8221; column_direction_tablet=&#8221;default&#8221; column_direction_phone=&#8221;default&#8221; top_padding=&#8221;25&#8243; bottom_padding=&#8221;15&#8243; text_align=&#8221;left&#8221; row_position=&#8221;default&#8221; row_position_tablet=&#8221;inherit&#8221; row_position_phone=&#8221;inherit&#8221; overflow=&#8221;visible&#8221; pointer_events=&#8221;all&#8221;][vc_column_inner column_padding=&#8221;no-extra-padding&#8221; column_padding_tablet=&#8221;inherit&#8221; column_padding_phone=&#8221;inherit&#8221; column_padding_position=&#8221;all&#8221; column_element_direction_desktop=&#8221;default&#8221; column_element_spacing=&#8221;default&#8221; desktop_text_alignment=&#8221;default&#8221; tablet_text_alignment=&#8221;default&#8221; phone_text_alignment=&#8221;default&#8221; background_color_opacity=&#8221;1&#8243; background_hover_color_opacity=&#8221;1&#8243; column_backdrop_filter=&#8221;none&#8221; column_shadow=&#8221;none&#8221; column_border_radius=&#8221;none&#8221; column_link_target=&#8221;_self&#8221; overflow=&#8221;visible&#8221; gradient_direction=&#8221;left_to_right&#8221; overlay_strength=&#8221;0.3&#8243; width=&#8221;1\/3&#8243; tablet_width_inherit=&#8221;small_desktop&#8221; animation_type=&#8221;default&#8221; enable_animation=&#8221;true&#8221; animation=&#8221;fade-in-from-bottom&#8221; animation_easing=&#8221;default&#8221; bg_image_animation=&#8221;none&#8221; border_type=&#8221;simple&#8221; column_border_width=&#8221;none&#8221; column_border_style=&#8221;solid&#8221;][vc_column_text css_animation=&#8221;none&#8221; css=&#8221;.vc_custom_1689773585088{margin-bottom: 10px !important;}&#8221;]\n<h4>O Que Est\u00e1 Inclu\u00eddo<\/h4>\n[\/vc_column_text][vc_column_text css=&#8221;&#8221; text_direction=&#8221;default&#8221;]\n<ul>\n<li>Servi\u00e7o do Busca do hotel \/ Retorno ao hotel<\/li>\n<li>Entre 40 e 45 minutos de voo com cesta de 16 a 18 pessoas<\/li>\n<li>Seguro de vida para passageiros de 5 milh\u00f5es de euros<\/li>\n<li>Celebra\u00e7\u00e3o com espumante e certificado de voo<\/li>\n<li>Todos os impostos<\/li>\n<\/ul>\n[\/vc_column_text][\/vc_column_inner][vc_column_inner column_padding=&#8221;no-extra-padding&#8221; column_padding_tablet=&#8221;inherit&#8221; column_padding_phone=&#8221;inherit&#8221; column_padding_position=&#8221;all&#8221; column_element_direction_desktop=&#8221;default&#8221; column_element_spacing=&#8221;default&#8221; desktop_text_alignment=&#8221;default&#8221; tablet_text_alignment=&#8221;default&#8221; phone_text_alignment=&#8221;default&#8221; background_color_opacity=&#8221;1&#8243; background_hover_color_opacity=&#8221;1&#8243; column_backdrop_filter=&#8221;none&#8221; column_shadow=&#8221;none&#8221; column_border_radius=&#8221;none&#8221; column_link_target=&#8221;_self&#8221; overflow=&#8221;visible&#8221; gradient_direction=&#8221;left_to_right&#8221; overlay_strength=&#8221;0.3&#8243; width=&#8221;1\/3&#8243; tablet_width_inherit=&#8221;small_desktop&#8221; animation_type=&#8221;default&#8221; enable_animation=&#8221;true&#8221; animation=&#8221;fade-in-from-bottom&#8221; animation_easing=&#8221;default&#8221; bg_image_animation=&#8221;none&#8221; border_type=&#8221;simple&#8221; column_border_width=&#8221;none&#8221; column_border_style=&#8221;solid&#8221;][vc_column_text css_animation=&#8221;none&#8221; css=&#8221;.vc_custom_1690216469527{margin-bottom: 10px !important;}&#8221;]\n<h4>Outra condi\u00e7\u00e3o: Notas<\/h4>\n[\/vc_column_text][vc_column_text css=&#8221;&#8221; text_direction=&#8221;default&#8221;]\n<ul>\n<li>Crian\u00e7as com menos de 5 anos n\u00e3o podem voar por raz\u00f5es de seguran\u00e7a<\/li>\n<li>Para seu conforto e seguran\u00e7a sugerimos que utilize cal\u00e7ado desportivo<\/li>\n<\/ul>\n[\/vc_column_text][\/vc_column_inner][vc_column_inner column_padding=&#8221;no-extra-padding&#8221; column_padding_tablet=&#8221;inherit&#8221; column_padding_phone=&#8221;inherit&#8221; column_padding_position=&#8221;all&#8221; column_element_direction_desktop=&#8221;default&#8221; column_element_spacing=&#8221;default&#8221; desktop_text_alignment=&#8221;default&#8221; tablet_text_alignment=&#8221;default&#8221; phone_text_alignment=&#8221;default&#8221; background_color_opacity=&#8221;1&#8243; background_hover_color_opacity=&#8221;1&#8243; column_backdrop_filter=&#8221;none&#8221; column_shadow=&#8221;none&#8221; column_border_radius=&#8221;none&#8221; column_link_target=&#8221;_self&#8221; overflow=&#8221;visible&#8221; gradient_direction=&#8221;left_to_right&#8221; overlay_strength=&#8221;0.3&#8243; width=&#8221;1\/3&#8243; tablet_width_inherit=&#8221;default&#8221; animation_type=&#8221;default&#8221; enable_animation=&#8221;true&#8221; animation=&#8221;fade-in-from-bottom&#8221; animation_easing=&#8221;default&#8221; bg_image_animation=&#8221;none&#8221; border_type=&#8221;simple&#8221; column_border_width=&#8221;none&#8221; column_border_style=&#8221;solid&#8221; column_padding_type=&#8221;default&#8221; gradient_type=&#8221;default&#8221;][vc_column_text css_animation=&#8221;none&#8221; css=&#8221;.vc_custom_1689772799372{margin-bottom: 10px !important;}&#8221;]\n<h4>Cancelamentos:<\/h4>\n[\/vc_column_text][vc_column_text css=&#8221;&#8221; text_direction=&#8221;default&#8221;]\n<ul>\n<li>Se o voo for cancelado devido \u00e0s condi\u00e7\u00f5es meteorol\u00f3gicas, voc\u00ea receber\u00e1 100% de reembolso.<\/li>\n<li>Pode cancelar a reserva 48 horas antes sem qualquer pagamento,<\/li>\n<li>Se voc\u00ea cancelar nas \u00faltimas 24 horas, ter\u00e1 que pagar 50% do valor total<\/li>\n<li>se voc\u00ea n\u00e3o cancelar e se n\u00e3o usar a reserva, ter\u00e1 que pagar todo o valor.<\/li>\n<\/ul>\n[\/vc_column_text][\/vc_column_inner][\/vc_row_inner][vc_row_inner column_margin=&#8221;default&#8221; column_direction=&#8221;default&#8221; column_direction_tablet=&#8221;default&#8221; column_direction_phone=&#8221;default&#8221; bottom_padding=&#8221;0px&#8221; bottom_padding_tablet=&#8221;40px&#8221; bottom_padding_phone=&#8221;40px&#8221; text_align=&#8221;left&#8221; row_position=&#8221;default&#8221; row_position_tablet=&#8221;inherit&#8221; row_position_phone=&#8221;inherit&#8221; overflow=&#8221;visible&#8221; pointer_events=&#8221;all&#8221;][vc_column_inner column_padding=&#8221;no-extra-padding&#8221; column_padding_tablet=&#8221;inherit&#8221; column_padding_phone=&#8221;inherit&#8221; column_padding_position=&#8221;all&#8221; column_element_direction_desktop=&#8221;default&#8221; column_element_spacing=&#8221;default&#8221; desktop_text_alignment=&#8221;default&#8221; tablet_text_alignment=&#8221;default&#8221; phone_text_alignment=&#8221;default&#8221; background_color_opacity=&#8221;1&#8243; background_hover_color_opacity=&#8221;1&#8243; column_backdrop_filter=&#8221;none&#8221; column_shadow=&#8221;none&#8221; column_border_radius=&#8221;none&#8221; column_link_target=&#8221;_self&#8221; overflow=&#8221;visible&#8221; gradient_direction=&#8221;left_to_right&#8221; overlay_strength=&#8221;0.3&#8243; width=&#8221;1\/1&#8243; tablet_width_inherit=&#8221;default&#8221; animation_type=&#8221;default&#8221; enable_animation=&#8221;true&#8221; animation=&#8221;fade-in-from-bottom&#8221; animation_easing=&#8221;default&#8221; bg_image_animation=&#8221;none&#8221; border_type=&#8221;simple&#8221; column_border_width=&#8221;none&#8221; column_border_style=&#8221;solid&#8221;][nectar_cta btn_style=&#8221;arrow-animation&#8221; heading_tag=&#8221;h6&#8243; button_color=&#8221;accent-color&#8221; text_color=&#8221;#ffffff&#8221; button_border_thickness=&#8221;0px&#8221; link_type=&#8221;regular&#8221; alignment=&#8221;left&#8221; alignment_tablet=&#8221;default&#8221; alignment_phone=&#8221;default&#8221; display=&#8221;block&#8221; display_tablet=&#8221;inherit&#8221; display_phone=&#8221;inherit&#8221; link_text=&#8221;Reserve agora&#8221; padding_top=&#8221;15&#8243; padding_right=&#8221;35&#8243; padding_bottom=&#8221;15&#8243; padding_left=&#8221;35&#8243; url=&#8221;#&#8221;][\/vc_column_inner][\/vc_row_inner][\/vc_column][\/vc_row]\n","protected":false},"excerpt":{"rendered":"<p>Passeio de bal\u00e3o \u2013 Entre 45 minutos e 1 hora de voo com o nascer do sol Esta \u00e9 a melhor maneira de come\u00e7ar um dia em Pamukkale,<\/p>\n","protected":false},"featured_media":4100,"template":"","meta":[],"product_brand":[],"product_cat":[244,204],"product_tag":[],"class_list":{"0":"post-4099","1":"product","2":"type-product","3":"status-publish","4":"has-post-thumbnail","6":"product_cat-outros-voos-de-balao","7":"product_cat-voos-de-balao-de-ar-quente-em-pamukkale","9":"first","10":"instock","11":"featured","12":"shipping-taxable","13":"purchasable","14":"product-type-simple"},"aioseo_notices":[],"_links":{"self":[{"href":"https:\/\/gorgeousturkeytours.com\/pt-pt\/wp-json\/wp\/v2\/product\/4099","targetHints":{"allow":["GET"]}}],"collection":[{"href":"https:\/\/gorgeousturkeytours.com\/pt-pt\/wp-json\/wp\/v2\/product"}],"about":[{"href":"https:\/\/gorgeousturkeytours.com\/pt-pt\/wp-json\/wp\/v2\/types\/product"}],"wp:featuredmedia":[{"embeddable":true,"href":"https:\/\/gorgeousturkeytours.com\/pt-pt\/wp-json\/wp\/v2\/media\/4100"}],"wp:attachment":[{"href":"https:\/\/gorgeousturkeytours.com\/pt-pt\/wp-json\/wp\/v2\/media?parent=4099"}],"wp:term":[{"taxonomy":"product_brand","embeddable":true,"href":"https:\/\/gorgeousturkeytours.com\/pt-pt\/wp-json\/wp\/v2\/product_brand?post=4099"},{"taxonomy":"product_cat","embeddable":true,"href":"https:\/\/gorgeousturkeytours.com\/pt-pt\/wp-json\/wp\/v2\/product_cat?post=4099"},{"taxonomy":"product_tag","embeddable":true,"href":"https:\/\/gorgeousturkeytours.com\/pt-pt\/wp-json\/wp\/v2\/product_tag?post=4099"}],"curies":[{"name":"wp","href":"https:\/\/api.w.org\/{rel}","templated":true}]}}